{"id":948,"date":"2025-02-09T19:49:01","date_gmt":"2025-02-09T16:49:01","guid":{"rendered":"https:\/\/www.hotrain.net\/?page_id=948"},"modified":"2025-10-26T16:15:37","modified_gmt":"2025-10-26T13:15:37","slug":"hotrainxr","status":"publish","type":"page","link":"https:\/\/www.hotrain.net\/tr\/hotrainxr\/","title":{"rendered":"HOTRAIN XR"},"content":{"rendered":"<div class=\"wpb-content-wrapper\"><p>[vc_row][vc_column width=&#8221;1\/6&#8243;][\/vc_column][vc_column width=&#8221;2\/3&#8243;]<div data-enable_animator='' class='wpb_animate_when_almost_visible gambit-css-animation fade-in ' style='-webkit-animation-duration: 2.5s;-moz-animation-duration: 2.5s;-ms-animation-duration: 2.5s;-o-animation-duration: 2.5s;animation-duration: 2.5s;opacity: 0;-webkit-animation-delay: 0.1s;-moz-animation-delay: 0.1s;-ms-animation-delay: 0.1s;-o-animation-delay: 0.1s;animation-delay: 0.1s'>[vc_column_text css_animation=&#8221;slideInUp&#8221; css=&#8221;&#8221;]<\/p>\n<h5><span style=\"background-color: #ffde00;\"><strong>HOTRAIN XR \u0130LE GELECEK &#8220;\u015e\u0130MD\u0130&#8221;<\/strong><\/span><\/h5>\n<h5><strong>YEN\u0130 JENERASYON A\u011eIRLAMA VE DENEY\u0130M AKADEM\u0130S\u0130<\/strong><\/h5>\n<blockquote><p>Sizin i\u00e7in \u00f6zel olarak tasarlanacak bu d\u00fcnya, mobil cihaz\u0131n\u0131zda ve bilgisayar\u0131n\u0131zda 24 saat e\u011fitim i\u00e7in haz\u0131r olacakt\u0131r.<\/p><\/blockquote>\n<blockquote><p>Sanalla\u015ft\u0131rmak istedi\u011finiz departmanlar\u0131 ve SOP&#8217;leri size \u00f6zel akademinize ekleyin.<\/p><\/blockquote>\n<h5>Daha fazla bilgi i\u00e7in l\u00fctfen bizimle ileti\u015fime ge\u00e7in!..<\/h5>\n<h5><strong>T:<\/strong> <a href=\"tel:+902122191918\">+90 (212) 219 19 18<\/a>\u00a0 \u00a0 |\u00a0 \u00a0 <strong>M:<\/strong> <a href=\"tel:+905323523497\">+90 (532) 352 34 97<\/a><\/h5>\n<h5><strong>W:<\/strong> <a href=\"https:\/\/hotrainxr.com\" target=\"_blank\" rel=\"noopener\">hotrainxr.com<\/a>\u00a0 \u00a0 |\u00a0 \u00a0 <strong>E:<\/strong> <a href=\"mailto:info@hotrainxr.com\">info@hotrainxr.com<\/a><\/h5>\n<p>[\/vc_column_text][vc_column_text css_animation=&#8221;slideInUp&#8221; css=&#8221;&#8221;]<\/p>\n<h5><span style=\"background-color: #ffde00;\"><strong>THE FUTURE IS NOW WITH \u201cHOTRAIN XR\u201d<\/strong><\/span><\/h5>\n<h5><strong>NEW GENERATION HOSPITALITY AND EXPERIENCE ACADEMY<\/strong><\/h5>\n<blockquote><p>This world, specially designed for you, will be ready for 24-hour training on your mobile and computer.<\/p><\/blockquote>\n<blockquote><p>Add the departments and SOP\u2019s you want to virtualize your tailor-made academy.<\/p><\/blockquote>\n<h5>For further information please contact us for more details!..<\/h5>\n<h5><strong>T:<\/strong> <a href=\"tel:+902122191918\">+90 (212) 219 19 18<\/a>\u00a0 \u00a0 |\u00a0 \u00a0 <strong>M:<\/strong> <a href=\"tel:+905323523497\">+90 (532) 352 34 97<\/a><\/h5>\n<h5><strong>W:<\/strong> <a href=\"https:\/\/hotrainxr.com\" target=\"_blank\" rel=\"noopener\">hotrainxr.com<\/a>\u00a0 \u00a0 |\u00a0 \u00a0 <strong>E:<\/strong> <a href=\"mailto:info@hotrainxr.com\">info@hotrainxr.com<\/a><\/h5>\n<p>[\/vc_column_text]<\/div>[\/vc_column][vc_column width=&#8221;1\/6&#8243;][\/vc_column][\/vc_row]<\/p>\n<\/div>","protected":false},"excerpt":{"rendered":"<p>[vc_row][vc_column width=&#8221;1\/6&#8243;][\/vc_column][vc_column width=&#8221;2\/3&#8243;][\/vc_column][vc_column width=&#8221;1\/6&#8243;][\/vc_column][\/vc_row]<\/p>\n","protected":false},"author":1,"featured_media":947,"parent":0,"menu_order":0,"comment_status":"closed","ping_status":"closed","template":"","meta":{"inline_featured_image":false,"_locale":"tr_TR","_original_post":"https:\/\/www.hotrain.net\/?page_id=945","footnotes":""},"class_list":["post-948","page","type-page","status-publish","has-post-thumbnail","hentry","tr-TR"],"yoast_head":"<!-- This site is optimized with the Yoast SEO plugin v26.9 - https:\/\/yoast.com\/product\/yoast-seo-wordpress\/ -->\n<title>HOTRAIN XR - HOTRAIN<\/title>\n<meta name=\"robots\" content=\"index, follow, max-snippet:-1, max-image-preview:large, max-video-preview:-1\" \/>\n<link rel=\"canonical\" href=\"https:\/\/www.hotrain.net\/tr\/hotrainxr\/\" \/>\n<meta property=\"og:locale\" content=\"tr_TR\" \/>\n<meta property=\"og:type\" content=\"article\" \/>\n<meta property=\"og:title\" content=\"HOTRAIN XR - HOTRAIN\" \/>\n<meta property=\"og:description\" content=\"[vc_row][vc_column width=&#8221;1\/6&#8243;][\/vc_column][vc_column width=&#8221;2\/3&#8243;][\/vc_column][vc_column width=&#8221;1\/6&#8243;][\/vc_column][\/vc_row]\" \/>\n<meta property=\"og:url\" content=\"https:\/\/www.hotrain.net\/tr\/hotrainxr\/\" \/>\n<meta property=\"og:site_name\" content=\"HOTRAIN\" \/>\n<meta property=\"article:publisher\" content=\"https:\/\/www.facebook.com\/hotraininternational\/\" \/>\n<meta property=\"article:modified_time\" content=\"2025-10-26T13:15:37+00:00\" \/>\n<meta property=\"og:image\" content=\"https:\/\/www.hotrain.net\/wp-content\/uploads\/2025\/02\/bg_image_9.jpg\" \/>\n\t<meta property=\"og:image:width\" content=\"1920\" \/>\n\t<meta property=\"og:image:height\" content=\"1200\" \/>\n\t<meta property=\"og:image:type\" content=\"image\/jpeg\" \/>\n<meta name=\"twitter:card\" content=\"summary_large_image\" \/>\n<meta name=\"twitter:label1\" content=\"Tahmini okuma s\u00fcresi\" \/>\n\t<meta name=\"twitter:data1\" content=\"1 dakika\" \/>\n<script type=\"application\/ld+json\" class=\"yoast-schema-graph\">{\"@context\":\"https:\/\/schema.org\",\"@graph\":[{\"@type\":\"WebPage\",\"@id\":\"https:\/\/www.hotrain.net\/tr\/hotrainxr\/\",\"url\":\"https:\/\/www.hotrain.net\/tr\/hotrainxr\/\",\"name\":\"HOTRAIN XR - HOTRAIN\",\"isPartOf\":{\"@id\":\"https:\/\/www.hotrain.net\/tr\/#website\"},\"primaryImageOfPage\":{\"@id\":\"https:\/\/www.hotrain.net\/tr\/hotrainxr\/#primaryimage\"},\"image\":{\"@id\":\"https:\/\/www.hotrain.net\/tr\/hotrainxr\/#primaryimage\"},\"thumbnailUrl\":\"https:\/\/www.hotrain.net\/wp-content\/uploads\/2025\/02\/bg_image_9.jpg\",\"datePublished\":\"2025-02-09T16:49:01+00:00\",\"dateModified\":\"2025-10-26T13:15:37+00:00\",\"breadcrumb\":{\"@id\":\"https:\/\/www.hotrain.net\/tr\/hotrainxr\/#breadcrumb\"},\"inLanguage\":\"tr\",\"potentialAction\":[{\"@type\":\"ReadAction\",\"target\":[\"https:\/\/www.hotrain.net\/tr\/hotrainxr\/\"]}]},{\"@type\":\"ImageObject\",\"inLanguage\":\"tr\",\"@id\":\"https:\/\/www.hotrain.net\/tr\/hotrainxr\/#primaryimage\",\"url\":\"https:\/\/www.hotrain.net\/wp-content\/uploads\/2025\/02\/bg_image_9.jpg\",\"contentUrl\":\"https:\/\/www.hotrain.net\/wp-content\/uploads\/2025\/02\/bg_image_9.jpg\",\"width\":1920,\"height\":1200},{\"@type\":\"BreadcrumbList\",\"@id\":\"https:\/\/www.hotrain.net\/tr\/hotrainxr\/#breadcrumb\",\"itemListElement\":[{\"@type\":\"ListItem\",\"position\":1,\"name\":\"Home\",\"item\":\"https:\/\/www.hotrain.net\/tr\/\"},{\"@type\":\"ListItem\",\"position\":2,\"name\":\"HOTRAIN XR\"}]},{\"@type\":\"WebSite\",\"@id\":\"https:\/\/www.hotrain.net\/tr\/#website\",\"url\":\"https:\/\/www.hotrain.net\/tr\/\",\"name\":\"HOTRAIN\",\"description\":\"\",\"potentialAction\":[{\"@type\":\"SearchAction\",\"target\":{\"@type\":\"EntryPoint\",\"urlTemplate\":\"https:\/\/www.hotrain.net\/tr\/?s={search_term_string}\"},\"query-input\":{\"@type\":\"PropertyValueSpecification\",\"valueRequired\":true,\"valueName\":\"search_term_string\"}}],\"inLanguage\":\"tr\"}]}<\/script>\n<!-- \/ Yoast SEO plugin. -->","yoast_head_json":{"title":"HOTRAIN XR - HOTRAIN","robots":{"index":"index","follow":"follow","max-snippet":"max-snippet:-1","max-image-preview":"max-image-preview:large","max-video-preview":"max-video-preview:-1"},"canonical":"https:\/\/www.hotrain.net\/tr\/hotrainxr\/","og_locale":"tr_TR","og_type":"article","og_title":"HOTRAIN XR - HOTRAIN","og_description":"[vc_row][vc_column width=&#8221;1\/6&#8243;][\/vc_column][vc_column width=&#8221;2\/3&#8243;][\/vc_column][vc_column width=&#8221;1\/6&#8243;][\/vc_column][\/vc_row]","og_url":"https:\/\/www.hotrain.net\/tr\/hotrainxr\/","og_site_name":"HOTRAIN","article_publisher":"https:\/\/www.facebook.com\/hotraininternational\/","article_modified_time":"2025-10-26T13:15:37+00:00","og_image":[{"width":1920,"height":1200,"url":"https:\/\/www.hotrain.net\/wp-content\/uploads\/2025\/02\/bg_image_9.jpg","type":"image\/jpeg"}],"twitter_card":"summary_large_image","twitter_misc":{"Tahmini okuma s\u00fcresi":"1 dakika"},"schema":{"@context":"https:\/\/schema.org","@graph":[{"@type":"WebPage","@id":"https:\/\/www.hotrain.net\/tr\/hotrainxr\/","url":"https:\/\/www.hotrain.net\/tr\/hotrainxr\/","name":"HOTRAIN XR - HOTRAIN","isPartOf":{"@id":"https:\/\/www.hotrain.net\/tr\/#website"},"primaryImageOfPage":{"@id":"https:\/\/www.hotrain.net\/tr\/hotrainxr\/#primaryimage"},"image":{"@id":"https:\/\/www.hotrain.net\/tr\/hotrainxr\/#primaryimage"},"thumbnailUrl":"https:\/\/www.hotrain.net\/wp-content\/uploads\/2025\/02\/bg_image_9.jpg","datePublished":"2025-02-09T16:49:01+00:00","dateModified":"2025-10-26T13:15:37+00:00","breadcrumb":{"@id":"https:\/\/www.hotrain.net\/tr\/hotrainxr\/#breadcrumb"},"inLanguage":"tr","potentialAction":[{"@type":"ReadAction","target":["https:\/\/www.hotrain.net\/tr\/hotrainxr\/"]}]},{"@type":"ImageObject","inLanguage":"tr","@id":"https:\/\/www.hotrain.net\/tr\/hotrainxr\/#primaryimage","url":"https:\/\/www.hotrain.net\/wp-content\/uploads\/2025\/02\/bg_image_9.jpg","contentUrl":"https:\/\/www.hotrain.net\/wp-content\/uploads\/2025\/02\/bg_image_9.jpg","width":1920,"height":1200},{"@type":"BreadcrumbList","@id":"https:\/\/www.hotrain.net\/tr\/hotrainxr\/#breadcrumb","itemListElement":[{"@type":"ListItem","position":1,"name":"Home","item":"https:\/\/www.hotrain.net\/tr\/"},{"@type":"ListItem","position":2,"name":"HOTRAIN XR"}]},{"@type":"WebSite","@id":"https:\/\/www.hotrain.net\/tr\/#website","url":"https:\/\/www.hotrain.net\/tr\/","name":"HOTRAIN","description":"","potentialAction":[{"@type":"SearchAction","target":{"@type":"EntryPoint","urlTemplate":"https:\/\/www.hotrain.net\/tr\/?s={search_term_string}"},"query-input":{"@type":"PropertyValueSpecification","valueRequired":true,"valueName":"search_term_string"}}],"inLanguage":"tr"}]}},"_links":{"self":[{"href":"https:\/\/www.hotrain.net\/wp-json\/wp\/v2\/pages\/948","targetHints":{"allow":["GET"]}}],"collection":[{"href":"https:\/\/www.hotrain.net\/wp-json\/wp\/v2\/pages"}],"about":[{"href":"https:\/\/www.hotrain.net\/wp-json\/wp\/v2\/types\/page"}],"author":[{"embeddable":true,"href":"https:\/\/www.hotrain.net\/wp-json\/wp\/v2\/users\/1"}],"replies":[{"embeddable":true,"href":"https:\/\/www.hotrain.net\/wp-json\/wp\/v2\/comments?post=948"}],"version-history":[{"count":28,"href":"https:\/\/www.hotrain.net\/wp-json\/wp\/v2\/pages\/948\/revisions"}],"predecessor-version":[{"id":981,"href":"https:\/\/www.hotrain.net\/wp-json\/wp\/v2\/pages\/948\/revisions\/981"}],"wp:featuredmedia":[{"embeddable":true,"href":"https:\/\/www.hotrain.net\/wp-json\/wp\/v2\/media\/947"}],"wp:attachment":[{"href":"https:\/\/www.hotrain.net\/wp-json\/wp\/v2\/media?parent=948"}],"curies":[{"name":"wp","href":"https:\/\/api.w.org\/{rel}","templated":true}]}}