{"id":742,"date":"2017-01-12T15:23:10","date_gmt":"2017-01-12T12:23:10","guid":{"rendered":"http:\/\/paternika.com\/hotrain\/?page_id=742"},"modified":"2025-10-18T15:43:38","modified_gmt":"2025-10-18T12:43:38","slug":"iletisim","status":"publish","type":"page","link":"https:\/\/www.hotrain.net\/tr\/iletisim\/","title":{"rendered":"\u0130LET\u0130\u015e\u0130M"},"content":{"rendered":"<div class=\"wpb-content-wrapper\"><p>[vc_row][vc_column]<div id=\"map_description\"><\/p>\n<h3 style=\"text-align: left; margin-top: -7px;\">B\u0130ZE ULA\u015eMANIN EN KOLAY YOLU!..<\/h3>\n<h5><strong>HOTRAIN OTEL VE RESTORAN E\u011e\u0130T\u0130MLER\u0130<\/strong><\/h5>\n<h5>\u015eakay\u0131k sok. Ni\u015fanta\u015f\u0131 Plaza No:40 D:21 PK. 34365 Ni\u015fanta\u015f\u0131 \/ \u0130stanbul<\/h5>\n<h5><strong>T:<\/strong> +90 212 219 1918 <strong>F:<\/strong> +90 212 219 1922<\/h5>\n<h5><strong>E:<\/strong> info@hotrain.net<\/h5>\n<p style=\"text-align: left;\"><a class=\"oi_vc_button\" data-title-color-hover=\"#000000\" data-bg-color-hover=\"#ffde00\" data-border-c-hover=\"#ffde00\" href=\"#\"  data-remodal-target=\"modal_mail\" style=\"display:inline-block; font-size:16px; line-heigth:16px; color:#ffffff; background-color:#000000; padding:10px 20px; border-width:1px; border-style:solid; border-color:#000000; border-radius:0px\"><i class=\"entypo-icon entypo-icon-mail oi_button_icon oi_button_icon_left\" style=\"font-size:16px;\"><\/i>Mesaj At!..<\/a><div class=\"remodal\" style=\"padding:30px\" data-remodal-id=\"modal_mail\">\n\t\t\t\t  <button data-remodal-action=\"close\" class=\"remodal-close\"><\/button>\n\t\t\t\t  <\/p>\n<h3 style=\"text-align: left;\">B\u0130ZE ULA\u015eMANIN EN KOLAY YOLU!..<\/h3>\n<p style=\"text-align: left;\">\n<div class=\"wpcf7 no-js\" id=\"wpcf7-f703-o1\" lang=\"tr-TR\" dir=\"ltr\" data-wpcf7-id=\"703\">\n<div class=\"screen-reader-response\"><p role=\"status\" aria-live=\"polite\" aria-atomic=\"true\"><\/p> <ul><\/ul><\/div>\n<form action=\"\/tr\/wp-json\/wp\/v2\/pages\/742#wpcf7-f703-o1\" method=\"post\" class=\"wpcf7-form init\" aria-label=\"\u0130leti\u015fim Formu\" novalidate=\"novalidate\" data-status=\"init\">\n<div style=\"display: none;\">\n<input type=\"hidden\" name=\"_wpcf7\" value=\"703\" \/>\n<input type=\"hidden\" name=\"_wpcf7_version\" value=\"6.0.6\" \/>\n<input type=\"hidden\" name=\"_wpcf7_locale\" value=\"tr_TR\" \/>\n<input type=\"hidden\" name=\"_wpcf7_unit_tag\" value=\"wpcf7-f703-o1\" \/>\n<input type=\"hidden\" name=\"_wpcf7_container_post\" value=\"0\" \/>\n<input type=\"hidden\" name=\"_wpcf7_posted_data_hash\" value=\"\" \/>\n<input type=\"hidden\" name=\"_wpcf7_recaptcha_response\" value=\"\" \/>\n<\/div>\n<p><label><br \/>\n<span class=\"wpcf7-form-control-wrap\" data-name=\"your-name\"><input size=\"40\" maxlength=\"400\" class=\"wpcf7-form-control wpcf7-text wpcf7-validates-as-required\" aria-required=\"true\" aria-invalid=\"false\" placeholder=\"Ad, Soyad *\" value=\"\" type=\"text\" name=\"your-name\" \/><\/span> <\/label>\n<\/p>\n<p><label><br \/>\n<span class=\"wpcf7-form-control-wrap\" data-name=\"your-email\"><input size=\"40\" maxlength=\"400\" class=\"wpcf7-form-control wpcf7-email wpcf7-validates-as-required wpcf7-text wpcf7-validates-as-email\" aria-required=\"true\" aria-invalid=\"false\" placeholder=\"E-Mail *\" value=\"\" type=\"email\" name=\"your-email\" \/><\/span> <\/label>\n<\/p>\n<p><label><br \/>\n<span class=\"wpcf7-form-control-wrap\" data-name=\"your-mobile\"><input size=\"40\" maxlength=\"400\" minlength=\"10\" class=\"wpcf7-form-control wpcf7-tel wpcf7-validates-as-required wpcf7-text wpcf7-validates-as-tel\" aria-required=\"true\" aria-invalid=\"false\" placeholder=\"Cep Telefonu *\" value=\"\" type=\"tel\" name=\"your-mobile\" \/><\/span> <\/label>\n<\/p>\n<p><label><br \/>\n<span class=\"wpcf7-form-control-wrap\" data-name=\"your-subject\"><input size=\"40\" maxlength=\"400\" class=\"wpcf7-form-control wpcf7-text\" aria-invalid=\"false\" placeholder=\"Konu\" value=\"\" type=\"text\" name=\"your-subject\" \/><\/span> <\/label>\n<\/p>\n<p><label><br \/>\n<span class=\"wpcf7-form-control-wrap\" data-name=\"your-message\"><textarea cols=\"40\" rows=\"10\" maxlength=\"2000\" class=\"wpcf7-form-control wpcf7-textarea wpcf7-validates-as-required\" aria-required=\"true\" aria-invalid=\"false\" placeholder=\"Mesaj *\" name=\"your-message\"><\/textarea><\/span> <\/label>\n<\/p>\n<p><input class=\"wpcf7-form-control wpcf7-submit has-spinner\" type=\"submit\" value=\"G\u00f6nder\" \/>\n<\/p><div class=\"wpcf7-response-output\" aria-hidden=\"true\"><\/div>\n<\/form>\n<\/div>\n\n\t\t\t\t<\/div>\n<p><\/div><div id=\"map\" style=\"height:full\">\n\t\t\t\t\t\n\t\t\t   <\/div>\n\t\t\t   <script type=\"text\/javascript\" src=\"http:\/\/maps.googleapis.com\/maps\/api\/js?key=AIzaSyBNw4S1Q-7h16qfTXL-NEzK5ljJ20k6KYA\"><\/script>\n\t\t\t   <script>\n\t\t\t\tjQuery.noConflict()(function($){\n\t\t\t\t\tjQuery(document).ready(function($) {\n\t\t\t\t$('#map').height($(window).outerHeight())\n\t\t\t\t$(\"#map\").gmap3({\n\t\t\t\t\t\n\t\t\t\t\tmarker:{     \n\t\t\t\t\t\/\/ address:\"93 Worth St, New York, NY\",\n\t\t\t\t\taddress :\"Ni\u015fanta\u015f\u0131 Plaza, Te\u015fvikiye, B, \u015eakay\u0131k Soka\u011f\u0131 No:40, 34365 \u015ei\u015fli\/\u0130stanbul\", \n\t\t\t\t\toptions:{ icon: \"https:\/\/www.hotrain.net\/wp-content\/themes\/qoon-creative-wordpress-portfolio-theme\/framework\/css\/img\/marker.png\"}},\n\t\t\t\t\tmap:{\n\t\t\t\t\toptions:{\n\t\t\t\t\tstyles: [ {\n\t\t\t\t\tstylers: [ { \"saturation\":-100 }, { \"lightness\": 0 }, { \"gamma\": 1}]},\n\t\t\t\t\t],\n\t\t\t\t\tzoom: 17,\n\t\t\t\t\tscrollwheel:false,\n\t\t\t\t\tdraggable: true }\n\t\t\t\t\t}\n\t\t\t\t\t});\t\n\t\t\t\t\t$(document).on(\"opened\", \".remodal\", function () {\n\t\t\t\t\t\t google.maps.event.trigger(map, \"resize\");\n\t\t\t\t\t});\n\t\t\t\t});\n\t\t\t\t});\n\t\t\t\t<\/script>[\/vc_column][\/vc_row]<\/p>\n<\/div>","protected":false},"excerpt":{"rendered":"<p>[vc_row][vc_column][\/vc_column][\/vc_row]<\/p>\n","protected":false},"author":1,"featured_media":842,"parent":0,"menu_order":0,"comment_status":"closed","ping_status":"closed","template":"","meta":{"inline_featured_image":false,"_locale":"tr_TR","_original_post":"742","footnotes":""},"class_list":["post-742","page","type-page","status-publish","has-post-thumbnail","hentry","tr-TR"],"yoast_head":"<!-- This site is optimized with the Yoast SEO plugin v26.9 - https:\/\/yoast.com\/product\/yoast-seo-wordpress\/ -->\n<title>\u0130LET\u0130\u015e\u0130M - HOTRAIN<\/title>\n<meta name=\"robots\" content=\"index, follow, max-snippet:-1, max-image-preview:large, max-video-preview:-1\" \/>\n<link rel=\"canonical\" href=\"https:\/\/www.hotrain.net\/tr\/iletisim\/\" \/>\n<meta property=\"og:locale\" content=\"tr_TR\" \/>\n<meta property=\"og:type\" content=\"article\" \/>\n<meta property=\"og:title\" content=\"\u0130LET\u0130\u015e\u0130M - HOTRAIN\" \/>\n<meta property=\"og:description\" content=\"[vc_row][vc_column][\/vc_column][\/vc_row]\" \/>\n<meta property=\"og:url\" content=\"https:\/\/www.hotrain.net\/tr\/iletisim\/\" \/>\n<meta property=\"og:site_name\" content=\"HOTRAIN\" \/>\n<meta property=\"article:publisher\" content=\"https:\/\/www.facebook.com\/hotraininternational\/\" \/>\n<meta property=\"article:modified_time\" content=\"2025-10-18T12:43:38+00:00\" \/>\n<meta property=\"og:image\" content=\"https:\/\/www.hotrain.net\/wp-content\/uploads\/2017\/01\/bg_image_15.jpg\" \/>\n\t<meta property=\"og:image:width\" content=\"1920\" \/>\n\t<meta property=\"og:image:height\" content=\"1200\" \/>\n\t<meta property=\"og:image:type\" content=\"image\/jpeg\" \/>\n<meta name=\"twitter:card\" content=\"summary_large_image\" \/>\n<meta name=\"twitter:label1\" content=\"Tahmini okuma s\u00fcresi\" \/>\n\t<meta name=\"twitter:data1\" content=\"1 dakika\" \/>\n<script type=\"application\/ld+json\" class=\"yoast-schema-graph\">{\"@context\":\"https:\/\/schema.org\",\"@graph\":[{\"@type\":\"WebPage\",\"@id\":\"https:\/\/www.hotrain.net\/tr\/iletisim\/\",\"url\":\"https:\/\/www.hotrain.net\/tr\/iletisim\/\",\"name\":\"\u0130LET\u0130\u015e\u0130M - HOTRAIN\",\"isPartOf\":{\"@id\":\"https:\/\/www.hotrain.net\/tr\/#website\"},\"primaryImageOfPage\":{\"@id\":\"https:\/\/www.hotrain.net\/tr\/iletisim\/#primaryimage\"},\"image\":{\"@id\":\"https:\/\/www.hotrain.net\/tr\/iletisim\/#primaryimage\"},\"thumbnailUrl\":\"https:\/\/www.hotrain.net\/wp-content\/uploads\/2017\/01\/bg_image_15.jpg\",\"datePublished\":\"2017-01-12T12:23:10+00:00\",\"dateModified\":\"2025-10-18T12:43:38+00:00\",\"breadcrumb\":{\"@id\":\"https:\/\/www.hotrain.net\/tr\/iletisim\/#breadcrumb\"},\"inLanguage\":\"tr\",\"potentialAction\":[{\"@type\":\"ReadAction\",\"target\":[\"https:\/\/www.hotrain.net\/tr\/iletisim\/\"]}]},{\"@type\":\"ImageObject\",\"inLanguage\":\"tr\",\"@id\":\"https:\/\/www.hotrain.net\/tr\/iletisim\/#primaryimage\",\"url\":\"https:\/\/www.hotrain.net\/wp-content\/uploads\/2017\/01\/bg_image_15.jpg\",\"contentUrl\":\"https:\/\/www.hotrain.net\/wp-content\/uploads\/2017\/01\/bg_image_15.jpg\",\"width\":1920,\"height\":1200},{\"@type\":\"BreadcrumbList\",\"@id\":\"https:\/\/www.hotrain.net\/tr\/iletisim\/#breadcrumb\",\"itemListElement\":[{\"@type\":\"ListItem\",\"position\":1,\"name\":\"Home\",\"item\":\"https:\/\/www.hotrain.net\/tr\/\"},{\"@type\":\"ListItem\",\"position\":2,\"name\":\"\u0130LET\u0130\u015e\u0130M\"}]},{\"@type\":\"WebSite\",\"@id\":\"https:\/\/www.hotrain.net\/tr\/#website\",\"url\":\"https:\/\/www.hotrain.net\/tr\/\",\"name\":\"HOTRAIN\",\"description\":\"\",\"potentialAction\":[{\"@type\":\"SearchAction\",\"target\":{\"@type\":\"EntryPoint\",\"urlTemplate\":\"https:\/\/www.hotrain.net\/tr\/?s={search_term_string}\"},\"query-input\":{\"@type\":\"PropertyValueSpecification\",\"valueRequired\":true,\"valueName\":\"search_term_string\"}}],\"inLanguage\":\"tr\"}]}<\/script>\n<!-- \/ Yoast SEO plugin. -->","yoast_head_json":{"title":"\u0130LET\u0130\u015e\u0130M - HOTRAIN","robots":{"index":"index","follow":"follow","max-snippet":"max-snippet:-1","max-image-preview":"max-image-preview:large","max-video-preview":"max-video-preview:-1"},"canonical":"https:\/\/www.hotrain.net\/tr\/iletisim\/","og_locale":"tr_TR","og_type":"article","og_title":"\u0130LET\u0130\u015e\u0130M - HOTRAIN","og_description":"[vc_row][vc_column][\/vc_column][\/vc_row]","og_url":"https:\/\/www.hotrain.net\/tr\/iletisim\/","og_site_name":"HOTRAIN","article_publisher":"https:\/\/www.facebook.com\/hotraininternational\/","article_modified_time":"2025-10-18T12:43:38+00:00","og_image":[{"width":1920,"height":1200,"url":"https:\/\/www.hotrain.net\/wp-content\/uploads\/2017\/01\/bg_image_15.jpg","type":"image\/jpeg"}],"twitter_card":"summary_large_image","twitter_misc":{"Tahmini okuma s\u00fcresi":"1 dakika"},"schema":{"@context":"https:\/\/schema.org","@graph":[{"@type":"WebPage","@id":"https:\/\/www.hotrain.net\/tr\/iletisim\/","url":"https:\/\/www.hotrain.net\/tr\/iletisim\/","name":"\u0130LET\u0130\u015e\u0130M - HOTRAIN","isPartOf":{"@id":"https:\/\/www.hotrain.net\/tr\/#website"},"primaryImageOfPage":{"@id":"https:\/\/www.hotrain.net\/tr\/iletisim\/#primaryimage"},"image":{"@id":"https:\/\/www.hotrain.net\/tr\/iletisim\/#primaryimage"},"thumbnailUrl":"https:\/\/www.hotrain.net\/wp-content\/uploads\/2017\/01\/bg_image_15.jpg","datePublished":"2017-01-12T12:23:10+00:00","dateModified":"2025-10-18T12:43:38+00:00","breadcrumb":{"@id":"https:\/\/www.hotrain.net\/tr\/iletisim\/#breadcrumb"},"inLanguage":"tr","potentialAction":[{"@type":"ReadAction","target":["https:\/\/www.hotrain.net\/tr\/iletisim\/"]}]},{"@type":"ImageObject","inLanguage":"tr","@id":"https:\/\/www.hotrain.net\/tr\/iletisim\/#primaryimage","url":"https:\/\/www.hotrain.net\/wp-content\/uploads\/2017\/01\/bg_image_15.jpg","contentUrl":"https:\/\/www.hotrain.net\/wp-content\/uploads\/2017\/01\/bg_image_15.jpg","width":1920,"height":1200},{"@type":"BreadcrumbList","@id":"https:\/\/www.hotrain.net\/tr\/iletisim\/#breadcrumb","itemListElement":[{"@type":"ListItem","position":1,"name":"Home","item":"https:\/\/www.hotrain.net\/tr\/"},{"@type":"ListItem","position":2,"name":"\u0130LET\u0130\u015e\u0130M"}]},{"@type":"WebSite","@id":"https:\/\/www.hotrain.net\/tr\/#website","url":"https:\/\/www.hotrain.net\/tr\/","name":"HOTRAIN","description":"","potentialAction":[{"@type":"SearchAction","target":{"@type":"EntryPoint","urlTemplate":"https:\/\/www.hotrain.net\/tr\/?s={search_term_string}"},"query-input":{"@type":"PropertyValueSpecification","valueRequired":true,"valueName":"search_term_string"}}],"inLanguage":"tr"}]}},"_links":{"self":[{"href":"https:\/\/www.hotrain.net\/wp-json\/wp\/v2\/pages\/742","targetHints":{"allow":["GET"]}}],"collection":[{"href":"https:\/\/www.hotrain.net\/wp-json\/wp\/v2\/pages"}],"about":[{"href":"https:\/\/www.hotrain.net\/wp-json\/wp\/v2\/types\/page"}],"author":[{"embeddable":true,"href":"https:\/\/www.hotrain.net\/wp-json\/wp\/v2\/users\/1"}],"replies":[{"embeddable":true,"href":"https:\/\/www.hotrain.net\/wp-json\/wp\/v2\/comments?post=742"}],"version-history":[{"count":66,"href":"https:\/\/www.hotrain.net\/wp-json\/wp\/v2\/pages\/742\/revisions"}],"predecessor-version":[{"id":961,"href":"https:\/\/www.hotrain.net\/wp-json\/wp\/v2\/pages\/742\/revisions\/961"}],"wp:featuredmedia":[{"embeddable":true,"href":"https:\/\/www.hotrain.net\/wp-json\/wp\/v2\/media\/842"}],"wp:attachment":[{"href":"https:\/\/www.hotrain.net\/wp-json\/wp\/v2\/media?parent=742"}],"curies":[{"name":"wp","href":"https:\/\/api.w.org\/{rel}","templated":true}]}}