{"id":7,"date":"2016-12-26T22:35:58","date_gmt":"2016-12-26T22:35:58","guid":{"rendered":"http:\/\/paternika.com\/hotrain\/?page_id=7"},"modified":"2017-02-22T15:47:21","modified_gmt":"2017-02-22T12:47:21","slug":"hotrain","status":"publish","type":"page","link":"https:\/\/www.hotrain.net\/tr\/hotrain\/","title":{"rendered":"HOTRAIN"},"content":{"rendered":"<div class=\"wpb-content-wrapper\"><p>[vc_row][vc_column width=&#8221;1\/6&#8243;][\/vc_column][vc_column width=&#8221;2\/3&#8243;]<div data-enable_animator='' class='wpb_animate_when_almost_visible gambit-css-animation fade-in ' style='-webkit-animation-duration: 2.5s;-moz-animation-duration: 2.5s;-ms-animation-duration: 2.5s;-o-animation-duration: 2.5s;animation-duration: 2.5s;opacity: 0;-webkit-animation-delay: 0.1s;-moz-animation-delay: 0.1s;-ms-animation-delay: 0.1s;-o-animation-delay: 0.1s;animation-delay: 0.1s'>[vc_column_text css_animation=&#8221;slideInUp&#8221;]<\/p>\n<h5><span style=\"background-color: #ffde00;\"><strong>HOTRAIN \u0130LE \u0130LG\u0130L\u0130<\/strong><\/span><\/h5>\n<h5>\u201cHotrain Otel ve Restoran E\u011fitimleri\u201d olarak 2005 y\u0131l\u0131ndan bu yana yaln\u0131zca otellere, restoranlara ve a\u011f\u0131rlama odakl\u0131 hizmet veren birimlere \u00f6zel e\u011fitimler vermekteyiz.<\/h5>\n<blockquote><p>Amac\u0131m\u0131z, sekt\u00f6r\u00fcn ihtiya\u00e7lar\u0131na y\u00f6nelik e\u011fitimler vererek, otel ve restoranlara servis standartlar\u0131n\u0131 y\u00fckseltmede, misafir memnuniyetini artt\u0131rmada ve misafir sadakatini sa\u011flamada bir e\u011fitim departman\u0131 gibi hizmet vermektir.<\/p><\/blockquote>\n<h5>Biz gerek genel bilgi, beceri ve davran\u0131\u015f, gerek operasyonel bilgi ve beceri e\u011fitimlerinde, sekt\u00f6r i\u00e7erisinde akademik \u00e7al\u0131\u015fmalar\u0131n\u0131 yapm\u0131\u015f, sekt\u00f6r deneyimi olan e\u011fitmenlerle e\u011fitimleri vermenin profesyonelli\u011fi artt\u0131rd\u0131\u011f\u0131n\u0131 d\u00fc\u015f\u00fcnmekteyiz.<\/h5>\n<h5><span style=\"background-color: #ffde00;\"><strong><br \/>\nHOTRAIN \u0130LE E\u011e\u0130T\u0130MLER<\/strong><\/span><\/h5>\n<h5>G\u00fcn\u00fcm\u00fczde her i\u015fletme be\u015f duyuya hitap ederek bir markan\u0131n misafirlerinde tarifsiz, kendi i\u015fletmelerine \u00f6zg\u00fc bir his b\u0131rakarak, misafirlerinin harcad\u0131klar\u0131 s\u00fcre ve bedeli \u201cde\u011fer\u201d olarak nitelendirdikleri toplam deneyim yaratmay\u0131 ama\u00e7lamaktad\u0131r.<\/h5>\n<h5>Hotrain Otel ve Restoran E\u011fitimleri olarak bu odak noktas\u0131ndan yola \u00e7\u0131karak i\u015fletmelere \u00f6zel ve o i\u015fletmenin standartlar\u0131 do\u011frultusunda tasarlanan y\u00f6neticilere ve giri\u015f seviyesinde \u00e7al\u0131\u015fan personele y\u00f6nelik e\u011fitimler vermekteyiz. Misafirlere de\u011fil her misafire dokunabilmek i\u00e7in gerekli olan yetkinlikleri geli\u015ftirmek ve e\u011fitimlerle bir sekt\u00f6r profesyonelinin mesle\u011fini geni\u015f bir bak\u0131\u015f a\u00e7\u0131s\u0131na sahip, \u00e7\u00f6z\u00fcm odakl\u0131 ve \u00f6n g\u00f6r\u00fcl\u00fc yakla\u015f\u0131m ile ta\u015f\u0131mas\u0131n\u0131 sa\u011flamak i\u00e7in gerekli s\u00fcreci y\u00fcr\u00fctmekteyiz.<\/h5>\n<blockquote><p>E\u011fitimlerimiz \u00f6ncesinde hem standartlar\u0131 \u00f6z\u00fcmsemek, hem de i\u015fletmelerin g\u00fcnl\u00fck i\u015fleyi\u015flerini tan\u0131mak i\u00e7in \u00f6n ziyaretler yapmaktay\u0131z.<\/p><\/blockquote>\n<h5>E\u011fitimlerimiz s\u0131ras\u0131nda da canland\u0131rmalar, grup \u00e7al\u0131\u015fmalar\u0131, \u00f6rnek olaylar, oyunlar ile interaktif kat\u0131l\u0131m\u0131 sa\u011flayarak, kat\u0131l\u0131mc\u0131lar\u0131n yetkinliklerini bir \u00fcst seviyeye ula\u015ft\u0131rmaktay\u0131z.<\/h5>\n<blockquote><p>Her e\u011fitim sonunda kat\u0131l\u0131mc\u0131lara sundu\u011fumuz de\u011ferlendirme raporlar\u0131n\u0131, e\u011fitmenlerimizin raporlar\u0131n\u0131 ve \u00f6nerilerini i\u015fletmelere sunmaktay\u0131z.<\/p><\/blockquote>\n<h5>\u0130\u015fletmelerin iste\u011fi \u00fczerine ayn\u0131 zamanda \u201cGizli Misafir Program\u0131\u201d uygulamakta ve performans\u0131 de\u011ferlendirmekteyiz.<\/h5>\n<p>[\/vc_column_text]<\/div>[\/vc_column][vc_column width=&#8221;1\/6&#8243;][\/vc_column][\/vc_row]<\/p>\n<\/div>","protected":false},"excerpt":{"rendered":"<p>[vc_row][vc_column width=&#8221;1\/6&#8243;][\/vc_column][vc_column width=&#8221;2\/3&#8243;][\/vc_column][vc_column width=&#8221;1\/6&#8243;][\/vc_column][\/vc_row]<\/p>\n","protected":false},"author":1,"featured_media":653,"parent":0,"menu_order":0,"comment_status":"closed","ping_status":"closed","template":"","meta":{"inline_featured_image":false,"_locale":"tr_TR","_original_post":"7","footnotes":""},"class_list":["post-7","page","type-page","status-publish","has-post-thumbnail","hentry","tr-TR"],"yoast_head":"<!-- This site is optimized with the Yoast SEO plugin v26.9 - https:\/\/yoast.com\/product\/yoast-seo-wordpress\/ -->\n<title>HOTRAIN - HOTRAIN<\/title>\n<meta name=\"robots\" content=\"index, follow, max-snippet:-1, max-image-preview:large, max-video-preview:-1\" \/>\n<link rel=\"canonical\" href=\"https:\/\/www.hotrain.net\/tr\/hotrain\/\" \/>\n<meta property=\"og:locale\" content=\"tr_TR\" \/>\n<meta property=\"og:type\" content=\"article\" \/>\n<meta property=\"og:title\" content=\"HOTRAIN - HOTRAIN\" \/>\n<meta property=\"og:description\" content=\"[vc_row][vc_column width=&#8221;1\/6&#8243;][\/vc_column][vc_column width=&#8221;2\/3&#8243;][\/vc_column][vc_column width=&#8221;1\/6&#8243;][\/vc_column][\/vc_row]\" \/>\n<meta property=\"og:url\" content=\"https:\/\/www.hotrain.net\/tr\/hotrain\/\" \/>\n<meta property=\"og:site_name\" content=\"HOTRAIN\" \/>\n<meta property=\"article:publisher\" content=\"https:\/\/www.facebook.com\/hotraininternational\/\" \/>\n<meta property=\"article:modified_time\" content=\"2017-02-22T12:47:21+00:00\" \/>\n<meta property=\"og:image\" content=\"https:\/\/www.hotrain.net\/wp-content\/uploads\/2017\/01\/bg_image_2.jpg\" \/>\n\t<meta property=\"og:image:width\" content=\"1920\" \/>\n\t<meta property=\"og:image:height\" content=\"1200\" \/>\n\t<meta property=\"og:image:type\" content=\"image\/jpeg\" \/>\n<meta name=\"twitter:card\" content=\"summary_large_image\" \/>\n<meta name=\"twitter:label1\" content=\"Tahmini okuma s\u00fcresi\" \/>\n\t<meta name=\"twitter:data1\" content=\"2 dakika\" \/>\n<script type=\"application\/ld+json\" class=\"yoast-schema-graph\">{\"@context\":\"https:\/\/schema.org\",\"@graph\":[{\"@type\":\"WebPage\",\"@id\":\"https:\/\/www.hotrain.net\/tr\/hotrain\/\",\"url\":\"https:\/\/www.hotrain.net\/tr\/hotrain\/\",\"name\":\"HOTRAIN - HOTRAIN\",\"isPartOf\":{\"@id\":\"https:\/\/www.hotrain.net\/tr\/#website\"},\"primaryImageOfPage\":{\"@id\":\"https:\/\/www.hotrain.net\/tr\/hotrain\/#primaryimage\"},\"image\":{\"@id\":\"https:\/\/www.hotrain.net\/tr\/hotrain\/#primaryimage\"},\"thumbnailUrl\":\"https:\/\/www.hotrain.net\/wp-content\/uploads\/2017\/01\/bg_image_2.jpg\",\"datePublished\":\"2016-12-26T22:35:58+00:00\",\"dateModified\":\"2017-02-22T12:47:21+00:00\",\"breadcrumb\":{\"@id\":\"https:\/\/www.hotrain.net\/tr\/hotrain\/#breadcrumb\"},\"inLanguage\":\"tr\",\"potentialAction\":[{\"@type\":\"ReadAction\",\"target\":[\"https:\/\/www.hotrain.net\/tr\/hotrain\/\"]}]},{\"@type\":\"ImageObject\",\"inLanguage\":\"tr\",\"@id\":\"https:\/\/www.hotrain.net\/tr\/hotrain\/#primaryimage\",\"url\":\"https:\/\/www.hotrain.net\/wp-content\/uploads\/2017\/01\/bg_image_2.jpg\",\"contentUrl\":\"https:\/\/www.hotrain.net\/wp-content\/uploads\/2017\/01\/bg_image_2.jpg\",\"width\":1920,\"height\":1200},{\"@type\":\"BreadcrumbList\",\"@id\":\"https:\/\/www.hotrain.net\/tr\/hotrain\/#breadcrumb\",\"itemListElement\":[{\"@type\":\"ListItem\",\"position\":1,\"name\":\"Home\",\"item\":\"https:\/\/www.hotrain.net\/tr\/\"},{\"@type\":\"ListItem\",\"position\":2,\"name\":\"HOTRAIN\"}]},{\"@type\":\"WebSite\",\"@id\":\"https:\/\/www.hotrain.net\/tr\/#website\",\"url\":\"https:\/\/www.hotrain.net\/tr\/\",\"name\":\"HOTRAIN\",\"description\":\"\",\"potentialAction\":[{\"@type\":\"SearchAction\",\"target\":{\"@type\":\"EntryPoint\",\"urlTemplate\":\"https:\/\/www.hotrain.net\/tr\/?s={search_term_string}\"},\"query-input\":{\"@type\":\"PropertyValueSpecification\",\"valueRequired\":true,\"valueName\":\"search_term_string\"}}],\"inLanguage\":\"tr\"}]}<\/script>\n<!-- \/ Yoast SEO plugin. -->","yoast_head_json":{"title":"HOTRAIN - HOTRAIN","robots":{"index":"index","follow":"follow","max-snippet":"max-snippet:-1","max-image-preview":"max-image-preview:large","max-video-preview":"max-video-preview:-1"},"canonical":"https:\/\/www.hotrain.net\/tr\/hotrain\/","og_locale":"tr_TR","og_type":"article","og_title":"HOTRAIN - HOTRAIN","og_description":"[vc_row][vc_column width=&#8221;1\/6&#8243;][\/vc_column][vc_column width=&#8221;2\/3&#8243;][\/vc_column][vc_column width=&#8221;1\/6&#8243;][\/vc_column][\/vc_row]","og_url":"https:\/\/www.hotrain.net\/tr\/hotrain\/","og_site_name":"HOTRAIN","article_publisher":"https:\/\/www.facebook.com\/hotraininternational\/","article_modified_time":"2017-02-22T12:47:21+00:00","og_image":[{"width":1920,"height":1200,"url":"https:\/\/www.hotrain.net\/wp-content\/uploads\/2017\/01\/bg_image_2.jpg","type":"image\/jpeg"}],"twitter_card":"summary_large_image","twitter_misc":{"Tahmini okuma s\u00fcresi":"2 dakika"},"schema":{"@context":"https:\/\/schema.org","@graph":[{"@type":"WebPage","@id":"https:\/\/www.hotrain.net\/tr\/hotrain\/","url":"https:\/\/www.hotrain.net\/tr\/hotrain\/","name":"HOTRAIN - HOTRAIN","isPartOf":{"@id":"https:\/\/www.hotrain.net\/tr\/#website"},"primaryImageOfPage":{"@id":"https:\/\/www.hotrain.net\/tr\/hotrain\/#primaryimage"},"image":{"@id":"https:\/\/www.hotrain.net\/tr\/hotrain\/#primaryimage"},"thumbnailUrl":"https:\/\/www.hotrain.net\/wp-content\/uploads\/2017\/01\/bg_image_2.jpg","datePublished":"2016-12-26T22:35:58+00:00","dateModified":"2017-02-22T12:47:21+00:00","breadcrumb":{"@id":"https:\/\/www.hotrain.net\/tr\/hotrain\/#breadcrumb"},"inLanguage":"tr","potentialAction":[{"@type":"ReadAction","target":["https:\/\/www.hotrain.net\/tr\/hotrain\/"]}]},{"@type":"ImageObject","inLanguage":"tr","@id":"https:\/\/www.hotrain.net\/tr\/hotrain\/#primaryimage","url":"https:\/\/www.hotrain.net\/wp-content\/uploads\/2017\/01\/bg_image_2.jpg","contentUrl":"https:\/\/www.hotrain.net\/wp-content\/uploads\/2017\/01\/bg_image_2.jpg","width":1920,"height":1200},{"@type":"BreadcrumbList","@id":"https:\/\/www.hotrain.net\/tr\/hotrain\/#breadcrumb","itemListElement":[{"@type":"ListItem","position":1,"name":"Home","item":"https:\/\/www.hotrain.net\/tr\/"},{"@type":"ListItem","position":2,"name":"HOTRAIN"}]},{"@type":"WebSite","@id":"https:\/\/www.hotrain.net\/tr\/#website","url":"https:\/\/www.hotrain.net\/tr\/","name":"HOTRAIN","description":"","potentialAction":[{"@type":"SearchAction","target":{"@type":"EntryPoint","urlTemplate":"https:\/\/www.hotrain.net\/tr\/?s={search_term_string}"},"query-input":{"@type":"PropertyValueSpecification","valueRequired":true,"valueName":"search_term_string"}}],"inLanguage":"tr"}]}},"_links":{"self":[{"href":"https:\/\/www.hotrain.net\/wp-json\/wp\/v2\/pages\/7","targetHints":{"allow":["GET"]}}],"collection":[{"href":"https:\/\/www.hotrain.net\/wp-json\/wp\/v2\/pages"}],"about":[{"href":"https:\/\/www.hotrain.net\/wp-json\/wp\/v2\/types\/page"}],"author":[{"embeddable":true,"href":"https:\/\/www.hotrain.net\/wp-json\/wp\/v2\/users\/1"}],"replies":[{"embeddable":true,"href":"https:\/\/www.hotrain.net\/wp-json\/wp\/v2\/comments?post=7"}],"version-history":[{"count":15,"href":"https:\/\/www.hotrain.net\/wp-json\/wp\/v2\/pages\/7\/revisions"}],"predecessor-version":[{"id":683,"href":"https:\/\/www.hotrain.net\/wp-json\/wp\/v2\/pages\/7\/revisions\/683"}],"wp:featuredmedia":[{"embeddable":true,"href":"https:\/\/www.hotrain.net\/wp-json\/wp\/v2\/media\/653"}],"wp:attachment":[{"href":"https:\/\/www.hotrain.net\/wp-json\/wp\/v2\/media?parent=7"}],"curies":[{"name":"wp","href":"https:\/\/api.w.org\/{rel}","templated":true}]}}