{"id":67,"date":"2017-01-06T12:14:11","date_gmt":"2017-01-06T09:14:11","guid":{"rendered":"http:\/\/paternika.com\/hotrain\/?page_id=67"},"modified":"2017-02-22T14:36:37","modified_gmt":"2017-02-22T11:36:37","slug":"otel-danismanligi","status":"publish","type":"page","link":"https:\/\/www.hotrain.net\/tr\/otel-danismanligi\/","title":{"rendered":"OTEL DANI\u015eMANLI\u011eI"},"content":{"rendered":"<div class=\"wpb-content-wrapper\"><p>[vc_row][vc_column width=&#8221;1\/6&#8243;][\/vc_column][vc_column width=&#8221;2\/3&#8243;]<div data-enable_animator='' class='wpb_animate_when_almost_visible gambit-css-animation fade-in ' style='-webkit-animation-duration: 2.5s;-moz-animation-duration: 2.5s;-ms-animation-duration: 2.5s;-o-animation-duration: 2.5s;animation-duration: 2.5s;opacity: 0;-webkit-animation-delay: 0.1s;-moz-animation-delay: 0.1s;-ms-animation-delay: 0.1s;-o-animation-delay: 0.1s;animation-delay: 0.1s'>[vc_column_text css_animation=&#8221;slideInUp&#8221;]<\/p>\n<h5>Otellerin altyap\u0131 \u00e7al\u0131\u015fmalar\u0131 dahil olmak \u00fczere faaliyete ge\u00e7mesi i\u00e7in gerekli olan t\u00fcm s\u00fcre\u00e7lerde ve a\u00e7\u0131l\u0131\u015f sonras\u0131 i\u015fletme d\u00f6neminde konsepti do\u011frultusunda \u00e7\u00f6z\u00fcm orta\u011f\u0131 olarak i\u015fletmeye \u00f6zel dan\u0131\u015fmanl\u0131k vermekteyiz.<\/h5>\n<h5><span style=\"background-color: #ffde00;\"><strong><br \/>\nH\u0130ZMETLER\u0130M\u0130Z<\/strong><\/span><\/h5>\n<h5><strong>\u00a0\u00a0\u00a0\u00a0\u00a0 \u00a0\u00a0 \u2713<\/strong>\u00a0 Operasyonel yat\u0131r\u0131m ve teknoloji yat\u0131r\u0131m\u0131 konusunda \u00e7al\u0131\u015fma yap\u0131lmas\u0131<\/h5>\n<h5><strong>\u00a0\u00a0\u00a0\u00a0\u00a0 \u00a0\u00a0 \u2713<\/strong>\u00a0 Tedarik\u00e7ilerin belirlenmesi ve tedarik\u00e7i anla\u015fmalar\u0131n\u0131n yap\u0131lmas\u0131<\/h5>\n<h5><strong>\u00a0\u00a0\u00a0 \u00a0\u00a0\u00a0\u00a0 \u2713<\/strong>\u00a0 Otel standartlar\u0131n\u0131n ve prosed\u00fcrlerinin olu\u015fturulmas\u0131<\/h5>\n<h5><strong>\u00a0\u00a0\u00a0 \u00a0\u00a0\u00a0\u00a0 \u2713<\/strong>\u00a0 Sat\u0131\u015f ve pazarlama politikalar\u0131n\u0131n olu\u015fturulmas\u0131 ve gerekli altyap\u0131n\u0131n kurulmas\u0131<\/h5>\n<h5><strong>\u00a0\u00a0\u00a0\u00a0\u00a0\u00a0 \u00a0 \u2713<\/strong>\u00a0 Kurum kimli\u011finin yap\u0131land\u0131r\u0131lmas\u0131 ve t\u00fcm departmanlar\u0131n operasyonuna yans\u0131t\u0131lmas\u0131<\/h5>\n<h5><strong>\u00a0\u00a0\u00a0\u00a0\u00a0 \u00a0\u00a0 \u2713<\/strong>\u00a0 Otel k\u00fclt\u00fcr\u00fcn\u00fcn olu\u015fturulmas\u0131 ve gerekli \u00e7al\u0131\u015fmalar\u0131n y\u00fcr\u00fct\u00fclmesi<\/h5>\n<p>[\/vc_column_text]<\/div>[\/vc_column][vc_column width=&#8221;1\/6&#8243;][\/vc_column][\/vc_row]<\/p>\n<\/div>","protected":false},"excerpt":{"rendered":"<p>[vc_row][vc_column width=&#8221;1\/6&#8243;][\/vc_column][vc_column width=&#8221;2\/3&#8243;][\/vc_column][vc_column width=&#8221;1\/6&#8243;][\/vc_column][\/vc_row]<\/p>\n","protected":false},"author":1,"featured_media":845,"parent":0,"menu_order":0,"comment_status":"closed","ping_status":"closed","template":"","meta":{"inline_featured_image":false,"_locale":"tr_TR","_original_post":"67","footnotes":""},"class_list":["post-67","page","type-page","status-publish","has-post-thumbnail","hentry","tr-TR"],"yoast_head":"<!-- This site is optimized with the Yoast SEO plugin v26.9 - https:\/\/yoast.com\/product\/yoast-seo-wordpress\/ -->\n<title>OTEL DANI\u015eMANLI\u011eI - HOTRAIN<\/title>\n<meta name=\"robots\" content=\"index, follow, max-snippet:-1, max-image-preview:large, max-video-preview:-1\" \/>\n<link rel=\"canonical\" href=\"https:\/\/www.hotrain.net\/tr\/otel-danismanligi\/\" \/>\n<meta property=\"og:locale\" content=\"tr_TR\" \/>\n<meta property=\"og:type\" content=\"article\" \/>\n<meta property=\"og:title\" content=\"OTEL DANI\u015eMANLI\u011eI - HOTRAIN\" \/>\n<meta property=\"og:description\" content=\"[vc_row][vc_column width=&#8221;1\/6&#8243;][\/vc_column][vc_column width=&#8221;2\/3&#8243;][\/vc_column][vc_column width=&#8221;1\/6&#8243;][\/vc_column][\/vc_row]\" \/>\n<meta property=\"og:url\" content=\"https:\/\/www.hotrain.net\/tr\/otel-danismanligi\/\" \/>\n<meta property=\"og:site_name\" content=\"HOTRAIN\" \/>\n<meta property=\"article:publisher\" content=\"https:\/\/www.facebook.com\/hotraininternational\/\" \/>\n<meta property=\"article:modified_time\" content=\"2017-02-22T11:36:37+00:00\" \/>\n<meta property=\"og:image\" content=\"https:\/\/www.hotrain.net\/wp-content\/uploads\/2017\/01\/bg_image_8.jpg\" \/>\n\t<meta property=\"og:image:width\" content=\"1920\" \/>\n\t<meta property=\"og:image:height\" content=\"1200\" \/>\n\t<meta property=\"og:image:type\" content=\"image\/jpeg\" \/>\n<meta name=\"twitter:card\" content=\"summary_large_image\" \/>\n<meta name=\"twitter:label1\" content=\"Tahmini okuma s\u00fcresi\" \/>\n\t<meta name=\"twitter:data1\" content=\"1 dakika\" \/>\n<script type=\"application\/ld+json\" class=\"yoast-schema-graph\">{\"@context\":\"https:\/\/schema.org\",\"@graph\":[{\"@type\":\"WebPage\",\"@id\":\"https:\/\/www.hotrain.net\/tr\/otel-danismanligi\/\",\"url\":\"https:\/\/www.hotrain.net\/tr\/otel-danismanligi\/\",\"name\":\"OTEL DANI\u015eMANLI\u011eI - HOTRAIN\",\"isPartOf\":{\"@id\":\"https:\/\/www.hotrain.net\/tr\/#website\"},\"primaryImageOfPage\":{\"@id\":\"https:\/\/www.hotrain.net\/tr\/otel-danismanligi\/#primaryimage\"},\"image\":{\"@id\":\"https:\/\/www.hotrain.net\/tr\/otel-danismanligi\/#primaryimage\"},\"thumbnailUrl\":\"https:\/\/www.hotrain.net\/wp-content\/uploads\/2017\/01\/bg_image_8.jpg\",\"datePublished\":\"2017-01-06T09:14:11+00:00\",\"dateModified\":\"2017-02-22T11:36:37+00:00\",\"breadcrumb\":{\"@id\":\"https:\/\/www.hotrain.net\/tr\/otel-danismanligi\/#breadcrumb\"},\"inLanguage\":\"tr\",\"potentialAction\":[{\"@type\":\"ReadAction\",\"target\":[\"https:\/\/www.hotrain.net\/tr\/otel-danismanligi\/\"]}]},{\"@type\":\"ImageObject\",\"inLanguage\":\"tr\",\"@id\":\"https:\/\/www.hotrain.net\/tr\/otel-danismanligi\/#primaryimage\",\"url\":\"https:\/\/www.hotrain.net\/wp-content\/uploads\/2017\/01\/bg_image_8.jpg\",\"contentUrl\":\"https:\/\/www.hotrain.net\/wp-content\/uploads\/2017\/01\/bg_image_8.jpg\",\"width\":1920,\"height\":1200},{\"@type\":\"BreadcrumbList\",\"@id\":\"https:\/\/www.hotrain.net\/tr\/otel-danismanligi\/#breadcrumb\",\"itemListElement\":[{\"@type\":\"ListItem\",\"position\":1,\"name\":\"Home\",\"item\":\"https:\/\/www.hotrain.net\/tr\/\"},{\"@type\":\"ListItem\",\"position\":2,\"name\":\"OTEL DANI\u015eMANLI\u011eI\"}]},{\"@type\":\"WebSite\",\"@id\":\"https:\/\/www.hotrain.net\/tr\/#website\",\"url\":\"https:\/\/www.hotrain.net\/tr\/\",\"name\":\"HOTRAIN\",\"description\":\"\",\"potentialAction\":[{\"@type\":\"SearchAction\",\"target\":{\"@type\":\"EntryPoint\",\"urlTemplate\":\"https:\/\/www.hotrain.net\/tr\/?s={search_term_string}\"},\"query-input\":{\"@type\":\"PropertyValueSpecification\",\"valueRequired\":true,\"valueName\":\"search_term_string\"}}],\"inLanguage\":\"tr\"}]}<\/script>\n<!-- \/ Yoast SEO plugin. -->","yoast_head_json":{"title":"OTEL DANI\u015eMANLI\u011eI - HOTRAIN","robots":{"index":"index","follow":"follow","max-snippet":"max-snippet:-1","max-image-preview":"max-image-preview:large","max-video-preview":"max-video-preview:-1"},"canonical":"https:\/\/www.hotrain.net\/tr\/otel-danismanligi\/","og_locale":"tr_TR","og_type":"article","og_title":"OTEL DANI\u015eMANLI\u011eI - HOTRAIN","og_description":"[vc_row][vc_column width=&#8221;1\/6&#8243;][\/vc_column][vc_column width=&#8221;2\/3&#8243;][\/vc_column][vc_column width=&#8221;1\/6&#8243;][\/vc_column][\/vc_row]","og_url":"https:\/\/www.hotrain.net\/tr\/otel-danismanligi\/","og_site_name":"HOTRAIN","article_publisher":"https:\/\/www.facebook.com\/hotraininternational\/","article_modified_time":"2017-02-22T11:36:37+00:00","og_image":[{"width":1920,"height":1200,"url":"https:\/\/www.hotrain.net\/wp-content\/uploads\/2017\/01\/bg_image_8.jpg","type":"image\/jpeg"}],"twitter_card":"summary_large_image","twitter_misc":{"Tahmini okuma s\u00fcresi":"1 dakika"},"schema":{"@context":"https:\/\/schema.org","@graph":[{"@type":"WebPage","@id":"https:\/\/www.hotrain.net\/tr\/otel-danismanligi\/","url":"https:\/\/www.hotrain.net\/tr\/otel-danismanligi\/","name":"OTEL DANI\u015eMANLI\u011eI - HOTRAIN","isPartOf":{"@id":"https:\/\/www.hotrain.net\/tr\/#website"},"primaryImageOfPage":{"@id":"https:\/\/www.hotrain.net\/tr\/otel-danismanligi\/#primaryimage"},"image":{"@id":"https:\/\/www.hotrain.net\/tr\/otel-danismanligi\/#primaryimage"},"thumbnailUrl":"https:\/\/www.hotrain.net\/wp-content\/uploads\/2017\/01\/bg_image_8.jpg","datePublished":"2017-01-06T09:14:11+00:00","dateModified":"2017-02-22T11:36:37+00:00","breadcrumb":{"@id":"https:\/\/www.hotrain.net\/tr\/otel-danismanligi\/#breadcrumb"},"inLanguage":"tr","potentialAction":[{"@type":"ReadAction","target":["https:\/\/www.hotrain.net\/tr\/otel-danismanligi\/"]}]},{"@type":"ImageObject","inLanguage":"tr","@id":"https:\/\/www.hotrain.net\/tr\/otel-danismanligi\/#primaryimage","url":"https:\/\/www.hotrain.net\/wp-content\/uploads\/2017\/01\/bg_image_8.jpg","contentUrl":"https:\/\/www.hotrain.net\/wp-content\/uploads\/2017\/01\/bg_image_8.jpg","width":1920,"height":1200},{"@type":"BreadcrumbList","@id":"https:\/\/www.hotrain.net\/tr\/otel-danismanligi\/#breadcrumb","itemListElement":[{"@type":"ListItem","position":1,"name":"Home","item":"https:\/\/www.hotrain.net\/tr\/"},{"@type":"ListItem","position":2,"name":"OTEL DANI\u015eMANLI\u011eI"}]},{"@type":"WebSite","@id":"https:\/\/www.hotrain.net\/tr\/#website","url":"https:\/\/www.hotrain.net\/tr\/","name":"HOTRAIN","description":"","potentialAction":[{"@type":"SearchAction","target":{"@type":"EntryPoint","urlTemplate":"https:\/\/www.hotrain.net\/tr\/?s={search_term_string}"},"query-input":{"@type":"PropertyValueSpecification","valueRequired":true,"valueName":"search_term_string"}}],"inLanguage":"tr"}]}},"_links":{"self":[{"href":"https:\/\/www.hotrain.net\/wp-json\/wp\/v2\/pages\/67","targetHints":{"allow":["GET"]}}],"collection":[{"href":"https:\/\/www.hotrain.net\/wp-json\/wp\/v2\/pages"}],"about":[{"href":"https:\/\/www.hotrain.net\/wp-json\/wp\/v2\/types\/page"}],"author":[{"embeddable":true,"href":"https:\/\/www.hotrain.net\/wp-json\/wp\/v2\/users\/1"}],"replies":[{"embeddable":true,"href":"https:\/\/www.hotrain.net\/wp-json\/wp\/v2\/comments?post=67"}],"version-history":[{"count":36,"href":"https:\/\/www.hotrain.net\/wp-json\/wp\/v2\/pages\/67\/revisions"}],"predecessor-version":[{"id":782,"href":"https:\/\/www.hotrain.net\/wp-json\/wp\/v2\/pages\/67\/revisions\/782"}],"wp:featuredmedia":[{"embeddable":true,"href":"https:\/\/www.hotrain.net\/wp-json\/wp\/v2\/media\/845"}],"wp:attachment":[{"href":"https:\/\/www.hotrain.net\/wp-json\/wp\/v2\/media?parent=67"}],"curies":[{"name":"wp","href":"https:\/\/api.w.org\/{rel}","templated":true}]}}