{"id":33,"date":"2016-12-26T23:16:48","date_gmt":"2016-12-26T23:16:48","guid":{"rendered":"http:\/\/paternika.com\/hotrain\/?page_id=33"},"modified":"2017-01-28T21:17:27","modified_gmt":"2017-01-28T18:17:27","slug":"a-la-minute","status":"publish","type":"page","link":"https:\/\/www.hotrain.net\/tr\/a-la-minute\/","title":{"rendered":"A LA MINUTE"},"content":{"rendered":"<div class=\"wpb-content-wrapper\"><p>[vc_row][vc_column width=&#8221;1\/6&#8243;][\/vc_column][vc_column width=&#8221;2\/3&#8243;]<div data-enable_animator='' class='wpb_animate_when_almost_visible gambit-css-animation fade-in ' style='-webkit-animation-duration: 2.5s;-moz-animation-duration: 2.5s;-ms-animation-duration: 2.5s;-o-animation-duration: 2.5s;animation-duration: 2.5s;opacity: 0;-webkit-animation-delay: 0.1s;-moz-animation-delay: 0.1s;-ms-animation-delay: 0.1s;-o-animation-delay: 0.1s;animation-delay: 0.1s'>[vc_column_text css_animation=&#8221;slideInUp&#8221;]<\/p>\n<h5><span style=\"background-color: #ffde00;\"><strong>S\u0130Z SE\u00c7\u0130N B\u0130Z \u201cS\u0130ZE \u00d6ZEL\u201d HAZIRLAYALIM<\/strong><\/span><\/h5>\n<h5>Size \u00f6zel bir e\u011fitimi, sizin istekleriniz ve belirtti\u011finiz odak noktalar\u0131 do\u011frultusunda haz\u0131rlayabilir ve sunabiliriz.<\/h5>\n<h4><strong><span style=\"font-size: 15px;\">A \u2013 F<\/span><\/strong><\/h4>\n<blockquote><p><span style=\"font-size: 13px;\">A\u00c7IK F\u0130K\u0130RL\u0130 OLMAK \/ <span style=\"color: #808080;\">A\u0130D\u0130YET DUYGUSU<\/span> \/ ALTERNAT\u0130F SUNMAK \/ <span style=\"color: #808080;\">BEDEN D\u0130L\u0130<\/span> \/ BEKLEYEN M\u0130SAF\u0130R\u0130 \/ <span style=\"color: #808080;\">SELAMLAMAK<\/span> \/ B\u0130R ADIM \u00d6NDE SERV\u0130S VERMEK \/ <span style=\"color: #808080;\">\u201cB\u0130Z\u201d OLAB\u0130LMEK<\/span> \/ \u00c7\u00d6Z\u00dcM ODAKLI OLMAK \/ <span style=\"color: #808080;\">DEPARTMANLARARASI KOORD\u0130NASYON<\/span> \/ DETAYLARI HATIRLAMAK \/ <span style=\"color: #808080;\">D\u0130NLEMEK<\/span> \/ DURUMA G\u00d6RE L\u0130DERL\u0130K \/ <span style=\"color: #808080;\">DURU\u015e<\/span> \/ DUYGULARINI Y\u00d6NETMEK \/ <span style=\"color: #808080;\">DUYGUSAL ZEKA<\/span> \/ EK\u0130P RUHU \/ <span style=\"color: #808080;\">EMPAT\u0130<\/span> \/ ET\u0130K \/ <span style=\"color: #808080;\">ETK\u0130L\u0130 B\u0130R DENETLEY\u0130C\u0130 OLMAK<\/span> \/ ETK\u0130L\u0130 SORU SORMA TEKN\u0130KLER\u0130 \/ <span style=\"color: #808080;\">ETK\u0130L\u0130 S\u00d6ZL\u00dc \u0130LET\u0130\u015e\u0130M<\/span> \/ ETK\u0130L\u0130 YAZILI \u0130LET\u0130\u015e\u0130M \/ <span style=\"color: #808080;\">FARK YARATMAK<\/span> \/ FARKINDALIK \/ <span style=\"color: #808080;\">FARKLI K\u00dcLT\u00dcRLER\u0130 ANLAMAK<\/span><\/span><\/p><\/blockquote>\n<h4><strong><span style=\"font-size: 15px;\">G \u2013 K<\/span><\/strong><\/h4>\n<blockquote><p><span style=\"font-size: 13px;\">GELECE\u011e\u0130 \u015eEK\u0130LLEND\u0130RMEK \/ <span style=\"color: #808080;\">GER\u0130 B\u0130LD\u0130R\u0130M VERMEK<\/span> \/ GIDA H\u0130JYEN\u0130 \/ <span style=\"color: #808080;\">G\u00d6RG\u00dc KURALLARI VE PROTOKOL<\/span> \/ G\u00d6Z TEMASI \/ <span style=\"color: #808080;\">G\u00dcL\u00dcMSEMEK<\/span> \/ G\u00dcZEL KONU\u015eMA VE D\u0130KS\u0130YON \/ <span style=\"color: #808080;\">HAFIZAYI SERV\u0130STE ETK\u0130L\u0130 KULLANMAK<\/span> \/ H\u0130JYEN \/ <span style=\"color: #808080;\">\u0130HT\u0130YACI \u0130STE\u011eE D\u00d6N\u00dc\u015eT\u00dcRMEK<\/span> \/ \u0130HT\u0130YA\u00c7 YARATMAK VE \u00c7APRAZ SATI\u015e \/ <span style=\"color: #808080;\">\u0130KNA ETMEK VE ETK\u0130LEMEK<\/span> \/ \u0130LK \u0130ZLEN\u0130M \/ <span style=\"color: #808080;\">\u0130N\u0130S\u0130YAT\u0130F ALMAK<\/span> \/ \u0130S\u0130M KULLANMAK \/ <span style=\"color: #808080;\">\u0130\u015e SIRASINDA TUTUM<\/span> \/ \u0130\u015e\u0130 SAH\u0130PLENMEK \/ <span style=\"color: #808080;\">KAR\u015eILAMAK<\/span> \/ KATILIMCI OLMAK \/<span style=\"color: #808080;\"> KEL\u0130ME SE\u00c7\u0130M\u0130<\/span> \/ K\u0130\u015e\u0130SEL BAKIM \/ <span style=\"color: #808080;\">K\u0130\u015e\u0130SEL G\u00d6R\u00dcN\u00dcM<\/span> \/ K\u0130\u015e\u0130SEL H\u0130JYEN \/ <span style=\"color: #808080;\">KR\u0130Z\u0130 Y\u00d6NETMEK<\/span> \/ K\u0130\u015e\u0130SELLE\u015eT\u0130R\u0130LM\u0130\u015e SERV\u0130S VERMEK<\/span><\/p><\/blockquote>\n<h4><strong><span style=\"font-size: 15px;\">L \u2013 T<\/span><\/strong><\/h4>\n<blockquote><p><span style=\"font-size: 13px;\">L\u0130DERL\u0130K YETK\u0130NL\u0130KLER\u0130 \/ <span style=\"color: #808080;\">MARKA OLMAK<\/span> \/ MARKA SADAKAT\u0130 YARATMAK \/ <span style=\"color: #808080;\">MEMNUN\u0130YET\u0130 KONTROL ETMEK<\/span> \/ MEMNUN\u0130YET YARATMAK \/ <span style=\"color: #808080;\">M\u0130SAF\u0130R\u0130 \u00d6ZEL H\u0130SSETT\u0130RMEK<\/span> \/ MOT\u0130VASYONU ARTTIRMAK \/ <span style=\"color: #808080;\">M\u00dc\u015eTER\u0130Y\u0130 M\u0130SAF\u0130RE D\u00d6N\u00dc\u015eT\u00dcRMEK<\/span> \/ NEZAKET \/ <span style=\"color: #808080;\">OLUMLU TUTUM<\/span> \/ \u00d6NG\u00d6R\u00dcL\u00dc OLMAK \/ <span style=\"color: #808080;\">PERSONEL\u0130N MOT\u0130VASYONUNU ARTTIRMAK<\/span> \/ PROFESYONEL YAKLA\u015eIM \/ <span style=\"color: #808080;\">SATI\u015eI ARTTIRMAK<\/span> \/ SELAMLAMAK \/ <span style=\"color: #808080;\">SERV\u0130STE STANDARTI YAKALAMAK<\/span> \/ SES TONU VE VURGULAMA \/ <span style=\"color: #808080;\">S\u0130NERJ\u0130<\/span> \/ YARATMAK \/ <span style=\"color: #808080;\">SORUMLULUK ALMAK<\/span> \/ SON \u0130ZLEN\u0130MLER \/ <span style=\"color: #808080;\">STRES\u0130 ELE ALMAK<\/span> \/ TAKIMDA\u015eLIK \/ <span style=\"color: #808080;\">TELEFONDA ETK\u0130L\u0130 KONU\u015eMA<\/span><\/span><\/p><\/blockquote>\n<h4><strong><span style=\"font-size: 15px;\">U \u2013 Z<\/span><\/strong><\/h4>\n<blockquote><p><span style=\"font-size: 13px;\">U\u011eURLAMAK \/ <span style=\"color: #808080;\">UZLA\u015eMACI OLMAK<\/span> \/ \u00dcR\u00dcN B\u0130LG\u0130S\u0130N\u0130 SERV\u0130SE YANSITMAK \/ <span style=\"color: #808080;\">VER\u0130ML\u0130 \u00c7ALI\u015eMAK<\/span> \/ YAPICI OLMAK \/ <span style=\"color: #808080;\">YAPILAN \u0130\u015e\u0130 KONTROL ETMEK<\/span> \/ YARATICI OLMAK \/ <span style=\"color: #808080;\">YETK\u0130LEND\u0130RMEK<\/span> \/ Y\u00d6NLEND\u0130RME YAPMAK \/ <span style=\"color: #808080;\">ZAMAN Y\u00d6NET\u0130M\u0130 VE PLANLAMA YAPMAK<\/span> \/ ZOR DURUMLARI ETK\u0130L\u0130 ELE ALMAK<\/span><\/p><\/blockquote>\n<p>[\/vc_column_text]<\/div>[\/vc_column][vc_column width=&#8221;1\/6&#8243;][\/vc_column][\/vc_row]<\/p>\n<\/div>","protected":false},"excerpt":{"rendered":"<p>[vc_row][vc_column width=&#8221;1\/6&#8243;][\/vc_column][vc_column width=&#8221;2\/3&#8243;][\/vc_column][vc_column width=&#8221;1\/6&#8243;][\/vc_column][\/vc_row]<\/p>\n","protected":false},"author":1,"featured_media":840,"parent":0,"menu_order":0,"comment_status":"closed","ping_status":"closed","template":"","meta":{"inline_featured_image":false,"_locale":"tr_TR","_original_post":"33","footnotes":""},"class_list":["post-33","page","type-page","status-publish","has-post-thumbnail","hentry","tr-TR"],"yoast_head":"<!-- This site is optimized with the Yoast SEO plugin v26.9 - https:\/\/yoast.com\/product\/yoast-seo-wordpress\/ -->\n<title>A LA MINUTE - HOTRAIN<\/title>\n<meta name=\"robots\" content=\"index, follow, max-snippet:-1, max-image-preview:large, max-video-preview:-1\" \/>\n<link rel=\"canonical\" href=\"https:\/\/www.hotrain.net\/tr\/a-la-minute\/\" \/>\n<meta property=\"og:locale\" content=\"tr_TR\" \/>\n<meta property=\"og:type\" content=\"article\" \/>\n<meta property=\"og:title\" content=\"A LA MINUTE - HOTRAIN\" \/>\n<meta property=\"og:description\" content=\"[vc_row][vc_column width=&#8221;1\/6&#8243;][\/vc_column][vc_column width=&#8221;2\/3&#8243;][\/vc_column][vc_column width=&#8221;1\/6&#8243;][\/vc_column][\/vc_row]\" \/>\n<meta property=\"og:url\" content=\"https:\/\/www.hotrain.net\/tr\/a-la-minute\/\" \/>\n<meta property=\"og:site_name\" content=\"HOTRAIN\" \/>\n<meta property=\"article:publisher\" content=\"https:\/\/www.facebook.com\/hotraininternational\/\" \/>\n<meta property=\"article:modified_time\" content=\"2017-01-28T18:17:27+00:00\" \/>\n<meta property=\"og:image\" content=\"https:\/\/www.hotrain.net\/wp-content\/uploads\/2016\/12\/bg_image_6.jpg\" \/>\n\t<meta property=\"og:image:width\" content=\"1920\" \/>\n\t<meta property=\"og:image:height\" content=\"1200\" \/>\n\t<meta property=\"og:image:type\" content=\"image\/jpeg\" \/>\n<meta name=\"twitter:card\" content=\"summary_large_image\" \/>\n<meta name=\"twitter:label1\" content=\"Tahmini okuma s\u00fcresi\" \/>\n\t<meta name=\"twitter:data1\" content=\"2 dakika\" \/>\n<script type=\"application\/ld+json\" class=\"yoast-schema-graph\">{\"@context\":\"https:\/\/schema.org\",\"@graph\":[{\"@type\":\"WebPage\",\"@id\":\"https:\/\/www.hotrain.net\/tr\/a-la-minute\/\",\"url\":\"https:\/\/www.hotrain.net\/tr\/a-la-minute\/\",\"name\":\"A LA MINUTE - HOTRAIN\",\"isPartOf\":{\"@id\":\"https:\/\/www.hotrain.net\/tr\/#website\"},\"primaryImageOfPage\":{\"@id\":\"https:\/\/www.hotrain.net\/tr\/a-la-minute\/#primaryimage\"},\"image\":{\"@id\":\"https:\/\/www.hotrain.net\/tr\/a-la-minute\/#primaryimage\"},\"thumbnailUrl\":\"https:\/\/www.hotrain.net\/wp-content\/uploads\/2016\/12\/bg_image_6.jpg\",\"datePublished\":\"2016-12-26T23:16:48+00:00\",\"dateModified\":\"2017-01-28T18:17:27+00:00\",\"breadcrumb\":{\"@id\":\"https:\/\/www.hotrain.net\/tr\/a-la-minute\/#breadcrumb\"},\"inLanguage\":\"tr\",\"potentialAction\":[{\"@type\":\"ReadAction\",\"target\":[\"https:\/\/www.hotrain.net\/tr\/a-la-minute\/\"]}]},{\"@type\":\"ImageObject\",\"inLanguage\":\"tr\",\"@id\":\"https:\/\/www.hotrain.net\/tr\/a-la-minute\/#primaryimage\",\"url\":\"https:\/\/www.hotrain.net\/wp-content\/uploads\/2016\/12\/bg_image_6.jpg\",\"contentUrl\":\"https:\/\/www.hotrain.net\/wp-content\/uploads\/2016\/12\/bg_image_6.jpg\",\"width\":1920,\"height\":1200},{\"@type\":\"BreadcrumbList\",\"@id\":\"https:\/\/www.hotrain.net\/tr\/a-la-minute\/#breadcrumb\",\"itemListElement\":[{\"@type\":\"ListItem\",\"position\":1,\"name\":\"Home\",\"item\":\"https:\/\/www.hotrain.net\/tr\/\"},{\"@type\":\"ListItem\",\"position\":2,\"name\":\"A LA MINUTE\"}]},{\"@type\":\"WebSite\",\"@id\":\"https:\/\/www.hotrain.net\/tr\/#website\",\"url\":\"https:\/\/www.hotrain.net\/tr\/\",\"name\":\"HOTRAIN\",\"description\":\"\",\"potentialAction\":[{\"@type\":\"SearchAction\",\"target\":{\"@type\":\"EntryPoint\",\"urlTemplate\":\"https:\/\/www.hotrain.net\/tr\/?s={search_term_string}\"},\"query-input\":{\"@type\":\"PropertyValueSpecification\",\"valueRequired\":true,\"valueName\":\"search_term_string\"}}],\"inLanguage\":\"tr\"}]}<\/script>\n<!-- \/ Yoast SEO plugin. -->","yoast_head_json":{"title":"A LA MINUTE - HOTRAIN","robots":{"index":"index","follow":"follow","max-snippet":"max-snippet:-1","max-image-preview":"max-image-preview:large","max-video-preview":"max-video-preview:-1"},"canonical":"https:\/\/www.hotrain.net\/tr\/a-la-minute\/","og_locale":"tr_TR","og_type":"article","og_title":"A LA MINUTE - HOTRAIN","og_description":"[vc_row][vc_column width=&#8221;1\/6&#8243;][\/vc_column][vc_column width=&#8221;2\/3&#8243;][\/vc_column][vc_column width=&#8221;1\/6&#8243;][\/vc_column][\/vc_row]","og_url":"https:\/\/www.hotrain.net\/tr\/a-la-minute\/","og_site_name":"HOTRAIN","article_publisher":"https:\/\/www.facebook.com\/hotraininternational\/","article_modified_time":"2017-01-28T18:17:27+00:00","og_image":[{"width":1920,"height":1200,"url":"https:\/\/www.hotrain.net\/wp-content\/uploads\/2016\/12\/bg_image_6.jpg","type":"image\/jpeg"}],"twitter_card":"summary_large_image","twitter_misc":{"Tahmini okuma s\u00fcresi":"2 dakika"},"schema":{"@context":"https:\/\/schema.org","@graph":[{"@type":"WebPage","@id":"https:\/\/www.hotrain.net\/tr\/a-la-minute\/","url":"https:\/\/www.hotrain.net\/tr\/a-la-minute\/","name":"A LA MINUTE - HOTRAIN","isPartOf":{"@id":"https:\/\/www.hotrain.net\/tr\/#website"},"primaryImageOfPage":{"@id":"https:\/\/www.hotrain.net\/tr\/a-la-minute\/#primaryimage"},"image":{"@id":"https:\/\/www.hotrain.net\/tr\/a-la-minute\/#primaryimage"},"thumbnailUrl":"https:\/\/www.hotrain.net\/wp-content\/uploads\/2016\/12\/bg_image_6.jpg","datePublished":"2016-12-26T23:16:48+00:00","dateModified":"2017-01-28T18:17:27+00:00","breadcrumb":{"@id":"https:\/\/www.hotrain.net\/tr\/a-la-minute\/#breadcrumb"},"inLanguage":"tr","potentialAction":[{"@type":"ReadAction","target":["https:\/\/www.hotrain.net\/tr\/a-la-minute\/"]}]},{"@type":"ImageObject","inLanguage":"tr","@id":"https:\/\/www.hotrain.net\/tr\/a-la-minute\/#primaryimage","url":"https:\/\/www.hotrain.net\/wp-content\/uploads\/2016\/12\/bg_image_6.jpg","contentUrl":"https:\/\/www.hotrain.net\/wp-content\/uploads\/2016\/12\/bg_image_6.jpg","width":1920,"height":1200},{"@type":"BreadcrumbList","@id":"https:\/\/www.hotrain.net\/tr\/a-la-minute\/#breadcrumb","itemListElement":[{"@type":"ListItem","position":1,"name":"Home","item":"https:\/\/www.hotrain.net\/tr\/"},{"@type":"ListItem","position":2,"name":"A LA MINUTE"}]},{"@type":"WebSite","@id":"https:\/\/www.hotrain.net\/tr\/#website","url":"https:\/\/www.hotrain.net\/tr\/","name":"HOTRAIN","description":"","potentialAction":[{"@type":"SearchAction","target":{"@type":"EntryPoint","urlTemplate":"https:\/\/www.hotrain.net\/tr\/?s={search_term_string}"},"query-input":{"@type":"PropertyValueSpecification","valueRequired":true,"valueName":"search_term_string"}}],"inLanguage":"tr"}]}},"_links":{"self":[{"href":"https:\/\/www.hotrain.net\/wp-json\/wp\/v2\/pages\/33","targetHints":{"allow":["GET"]}}],"collection":[{"href":"https:\/\/www.hotrain.net\/wp-json\/wp\/v2\/pages"}],"about":[{"href":"https:\/\/www.hotrain.net\/wp-json\/wp\/v2\/types\/page"}],"author":[{"embeddable":true,"href":"https:\/\/www.hotrain.net\/wp-json\/wp\/v2\/users\/1"}],"replies":[{"embeddable":true,"href":"https:\/\/www.hotrain.net\/wp-json\/wp\/v2\/comments?post=33"}],"version-history":[{"count":16,"href":"https:\/\/www.hotrain.net\/wp-json\/wp\/v2\/pages\/33\/revisions"}],"predecessor-version":[{"id":825,"href":"https:\/\/www.hotrain.net\/wp-json\/wp\/v2\/pages\/33\/revisions\/825"}],"wp:featuredmedia":[{"embeddable":true,"href":"https:\/\/www.hotrain.net\/wp-json\/wp\/v2\/media\/840"}],"wp:attachment":[{"href":"https:\/\/www.hotrain.net\/wp-json\/wp\/v2\/media?parent=33"}],"curies":[{"name":"wp","href":"https:\/\/api.w.org\/{rel}","templated":true}]}}