{"id":27,"date":"2016-12-26T23:14:20","date_gmt":"2016-12-26T20:14:20","guid":{"rendered":"http:\/\/paternika.com\/hotrain\/?page_id=27"},"modified":"2017-02-22T15:26:19","modified_gmt":"2017-02-22T12:26:19","slug":"dijital-tasarim-hizmetleri","status":"publish","type":"page","link":"https:\/\/www.hotrain.net\/tr\/dijital-tasarim-hizmetleri\/","title":{"rendered":"D\u0130J\u0130TAL TASARIM H\u0130ZMETLER\u0130"},"content":{"rendered":"<div class=\"wpb-content-wrapper\"><p>[vc_row][vc_column width=&#8221;1\/6&#8243;][\/vc_column][vc_column width=&#8221;2\/3&#8243;]<div data-enable_animator='' class='wpb_animate_when_almost_visible gambit-css-animation fade-in ' style='-webkit-animation-duration: 2.5s;-moz-animation-duration: 2.5s;-ms-animation-duration: 2.5s;-o-animation-duration: 2.5s;animation-duration: 2.5s;opacity: 0;-webkit-animation-delay: 0.1s;-moz-animation-delay: 0.1s;-ms-animation-delay: 0.1s;-o-animation-delay: 0.1s;animation-delay: 0.1s'>[vc_column_text css_animation=&#8221;slideInUp&#8221;]<\/p>\n<h5><a style=\"text-decoration: none; color: #222222;\" href=\"http:\/\/www.paternika.com\/\" target=\"_blank\">PATERN\u0130KA<\/a> ile \u00e7\u00f6z\u00fcm ortakl\u0131\u011f\u0131m\u0131z ile trendleri yak\u0131ndan takip ediyor, fark yaratmak i\u00e7in gerekli olan t\u00fcm unsurlar\u0131 \u00f6n g\u00f6r\u00fcp markan\u0131z\u0131 yarat\u0131yoruz. Bu sayede m\u00fc\u015fterilerimize en g\u00fcncel \u00e7\u00f6z\u00fcmleri \u00fcretiyoruz. Online tabanl\u0131 web sitesi proje ve uygulamalar\u0131 gibi yarat\u0131c\u0131 ve interaktif, tasar\u0131m ve yaz\u0131l\u0131m \u00e7\u00f6z\u00fcmleri ile birlikte bir markan\u0131n ihtiya\u00e7 duyabilece\u011fi fikir, \u00fcr\u00fcn ya da proje kampanyalar\u0131nda kullan\u0131lmak \u00fczere, foto\u011fraf ve film prod\u00fcksiyonu, 2D\/3D animasyon ve grafik tasar\u0131m hizmetlerini, kusursuz ve m\u00fckemmel dengeyi arayan profesyonel bir ekiple, markalar\u0131n dijital prestijini en \u00fcst seviyeye \u00e7\u0131kartan dijital tasar\u0131m hizmetleri sunmaktay\u0131z.<\/h5>\n<h5><span style=\"background-color: #ffde00;\"><strong><br \/>\n\u0130NTERAKT\u0130F H\u0130ZMETLER<\/strong><\/span><\/h5>\n<h5><strong>\u00a0\u00a0\u00a0\u00a0\u00a0\u00a0\u00a0\u00a0 \u2713<\/strong>\u00a0 Web sitesi ve mikro site aray\u00fcz tasar\u0131m\u0131<\/h5>\n<h5><strong>\u00a0\u00a0\u00a0\u00a0\u00a0\u00a0\u00a0\u00a0 \u2713<\/strong>\u00a0 Yaz\u0131l\u0131m geli\u015ftirme<\/h5>\n<h5><strong>\u00a0\u00a0\u00a0\u00a0\u00a0\u00a0\u00a0\u00a0 \u2713<\/strong>\u00a0 Cms (\u0130\u00e7erik y\u00f6netim sistemi) entegrasyonu<\/h5>\n<h5><strong>\u00a0\u00a0\u00a0\u00a0\u00a0\u00a0\u00a0\u00a0 \u2713<\/strong>\u00a0 Bas\u0131l\u0131 i\u015flerin (katalog, dergi, tan\u0131t\u0131m kitap\u00e7\u0131\u011f\u0131 vb.) interaktif olarak dijital ortamda sunulmas\u0131<\/h5>\n<h5><span style=\"background-color: #ffde00;\"><strong><br \/>\nE-MAIL MARKETING<\/strong><\/span><\/h5>\n<h5><strong>\u00a0\u00a0\u00a0\u00a0\u00a0\u00a0\u00a0\u00a0 \u2713<\/strong>\u00a0 Toplu e-posta g\u00f6nderimi i\u00e7in tasar\u0131m, uygulama ve raporlama hizmetleri<\/h5>\n<h5><span style=\"background-color: #ffde00;\"><strong><br \/>\nADWORDS VE ANALYTICS H\u0130ZMETLER\u0130<\/strong><\/span><\/h5>\n<h5><strong>\u00a0\u00a0\u00a0\u00a0\u00a0\u00a0\u00a0\u00a0 \u2713<\/strong>\u00a0 Google arama motorunda \u00fcst s\u0131ralarda yer almak i\u00e7in verilen reklam hizmetleri<\/h5>\n<h5><strong>\u00a0\u00a0\u00a0\u00a0\u00a0\u00a0\u00a0\u00a0 \u2713<\/strong>\u00a0 Web sitenize yap\u0131lan ziyaretler hakk\u0131nda haz\u0131rlanan raporlama hizmetleri<\/h5>\n<h5><span style=\"background-color: #ffde00;\"><strong><br \/>\nTASARIM H\u0130ZMETLER\u0130<\/strong><\/span><\/h5>\n<h5><strong>\u00a0\u00a0\u00a0\u00a0\u00a0\u00a0\u00a0\u00a0 \u2713<\/strong>\u00a0 Kurumsal ve g\u00f6rsel kimlik tasar\u0131m\u0131<\/h5>\n<h5><strong>\u00a0\u00a0\u00a0\u00a0\u00a0\u00a0\u00a0\u00a0 \u2713<\/strong>\u00a0 Grafik tasar\u0131m \u00e7al\u0131\u015fmalar\u0131 (katalog, dergi, ilan, bro\u015f\u00fcr, tan\u0131t\u0131m kitap\u00e7\u0131\u011f\u0131 vb. bask\u0131ya y\u00f6nelik hizmetler)<\/h5>\n<h5><strong>\u00a0\u00a0\u00a0\u00a0\u00a0\u00a0\u00a0\u00a0 \u2713<\/strong>\u00a0 Kampanya tasar\u0131m\u0131<\/h5>\n<h5><strong>\u00a0\u00a0\u00a0\u00a0\u00a0\u00a0 \u00a0 \u2713<\/strong>\u00a0 \u00dcr\u00fcn tasar\u0131m\u0131 (ambalaj ve \u00e7\u00f6z\u00fcmleme)<\/h5>\n<h5><span style=\"background-color: #ffde00;\"><strong><br \/>\nFOTO\u011eRAF PROD\u00dcKS\u0130YONU<\/strong><\/span><\/h5>\n<h5><strong>\u00a0\u00a0\u00a0\u00a0\u00a0\u00a0\u00a0\u00a0 \u2713<\/strong>\u00a0 Yemek, i\u00e7 ve d\u0131\u015f mekan vb. \u00e7ekim hizmetleri<\/h5>\n<h5><span style=\"background-color: #ffde00;\"><strong><br \/>\nF\u0130LM PROD\u00dcKS\u0130YONU<\/strong><\/span><\/h5>\n<h5><strong>\u00a0\u00a0\u00a0\u00a0\u00a0\u00a0\u00a0\u00a0 \u2713<\/strong>\u00a0 Tan\u0131t\u0131m filmi<\/h5>\n<h5><strong>\u00a0\u00a0\u00a0\u00a0\u00a0\u00a0\u00a0\u00a0 \u2713<\/strong>\u00a0 Reklam filmi<\/h5>\n<h5><strong>\u00a0\u00a0\u00a0\u00a0\u00a0\u00a0\u00a0\u00a0 \u2713<\/strong>\u00a0 2D\/3D animasyon<\/h5>\n<h5><strong>\u00a0\u00a0\u00a0\u00a0\u00a0\u00a0\u00a0\u00a0 \u2713<\/strong>\u00a0 Post prod\u00fcksiyon<\/h5>\n<p>[\/vc_column_text]<\/div>[\/vc_column][vc_column width=&#8221;1\/6&#8243;][\/vc_column][\/vc_row]<\/p>\n<\/div>","protected":false},"excerpt":{"rendered":"<p>[vc_row][vc_column width=&#8221;1\/6&#8243;][\/vc_column][vc_column width=&#8221;2\/3&#8243;][\/vc_column][vc_column width=&#8221;1\/6&#8243;][\/vc_column][\/vc_row]<\/p>\n","protected":false},"author":1,"featured_media":843,"parent":0,"menu_order":0,"comment_status":"closed","ping_status":"closed","template":"","meta":{"inline_featured_image":false,"_locale":"tr_TR","_original_post":"27","footnotes":""},"class_list":["post-27","page","type-page","status-publish","has-post-thumbnail","hentry","tr-TR"],"yoast_head":"<!-- This site is optimized with the Yoast SEO plugin v26.9 - https:\/\/yoast.com\/product\/yoast-seo-wordpress\/ -->\n<title>D\u0130J\u0130TAL TASARIM H\u0130ZMETLER\u0130 - HOTRAIN<\/title>\n<meta name=\"robots\" content=\"index, follow, max-snippet:-1, max-image-preview:large, max-video-preview:-1\" \/>\n<link rel=\"canonical\" href=\"https:\/\/www.hotrain.net\/tr\/dijital-tasarim-hizmetleri\/\" \/>\n<meta property=\"og:locale\" content=\"tr_TR\" \/>\n<meta property=\"og:type\" content=\"article\" \/>\n<meta property=\"og:title\" content=\"D\u0130J\u0130TAL TASARIM H\u0130ZMETLER\u0130 - HOTRAIN\" \/>\n<meta property=\"og:description\" content=\"[vc_row][vc_column width=&#8221;1\/6&#8243;][\/vc_column][vc_column width=&#8221;2\/3&#8243;][\/vc_column][vc_column width=&#8221;1\/6&#8243;][\/vc_column][\/vc_row]\" \/>\n<meta property=\"og:url\" content=\"https:\/\/www.hotrain.net\/tr\/dijital-tasarim-hizmetleri\/\" \/>\n<meta property=\"og:site_name\" content=\"HOTRAIN\" \/>\n<meta property=\"article:publisher\" content=\"https:\/\/www.facebook.com\/hotraininternational\/\" \/>\n<meta property=\"article:modified_time\" content=\"2017-02-22T12:26:19+00:00\" \/>\n<meta property=\"og:image\" content=\"https:\/\/www.hotrain.net\/wp-content\/uploads\/2016\/12\/bg_image_13.jpg\" \/>\n\t<meta property=\"og:image:width\" content=\"1920\" \/>\n\t<meta property=\"og:image:height\" content=\"1200\" \/>\n\t<meta property=\"og:image:type\" content=\"image\/jpeg\" \/>\n<meta name=\"twitter:card\" content=\"summary_large_image\" \/>\n<meta name=\"twitter:label1\" content=\"Tahmini okuma s\u00fcresi\" \/>\n\t<meta name=\"twitter:data1\" content=\"2 dakika\" \/>\n<script type=\"application\/ld+json\" class=\"yoast-schema-graph\">{\"@context\":\"https:\/\/schema.org\",\"@graph\":[{\"@type\":\"WebPage\",\"@id\":\"https:\/\/www.hotrain.net\/tr\/dijital-tasarim-hizmetleri\/\",\"url\":\"https:\/\/www.hotrain.net\/tr\/dijital-tasarim-hizmetleri\/\",\"name\":\"D\u0130J\u0130TAL TASARIM H\u0130ZMETLER\u0130 - HOTRAIN\",\"isPartOf\":{\"@id\":\"https:\/\/www.hotrain.net\/tr\/#website\"},\"primaryImageOfPage\":{\"@id\":\"https:\/\/www.hotrain.net\/tr\/dijital-tasarim-hizmetleri\/#primaryimage\"},\"image\":{\"@id\":\"https:\/\/www.hotrain.net\/tr\/dijital-tasarim-hizmetleri\/#primaryimage\"},\"thumbnailUrl\":\"https:\/\/www.hotrain.net\/wp-content\/uploads\/2016\/12\/bg_image_13.jpg\",\"datePublished\":\"2016-12-26T20:14:20+00:00\",\"dateModified\":\"2017-02-22T12:26:19+00:00\",\"breadcrumb\":{\"@id\":\"https:\/\/www.hotrain.net\/tr\/dijital-tasarim-hizmetleri\/#breadcrumb\"},\"inLanguage\":\"tr\",\"potentialAction\":[{\"@type\":\"ReadAction\",\"target\":[\"https:\/\/www.hotrain.net\/tr\/dijital-tasarim-hizmetleri\/\"]}]},{\"@type\":\"ImageObject\",\"inLanguage\":\"tr\",\"@id\":\"https:\/\/www.hotrain.net\/tr\/dijital-tasarim-hizmetleri\/#primaryimage\",\"url\":\"https:\/\/www.hotrain.net\/wp-content\/uploads\/2016\/12\/bg_image_13.jpg\",\"contentUrl\":\"https:\/\/www.hotrain.net\/wp-content\/uploads\/2016\/12\/bg_image_13.jpg\",\"width\":1920,\"height\":1200},{\"@type\":\"BreadcrumbList\",\"@id\":\"https:\/\/www.hotrain.net\/tr\/dijital-tasarim-hizmetleri\/#breadcrumb\",\"itemListElement\":[{\"@type\":\"ListItem\",\"position\":1,\"name\":\"Home\",\"item\":\"https:\/\/www.hotrain.net\/tr\/\"},{\"@type\":\"ListItem\",\"position\":2,\"name\":\"D\u0130J\u0130TAL TASARIM H\u0130ZMETLER\u0130\"}]},{\"@type\":\"WebSite\",\"@id\":\"https:\/\/www.hotrain.net\/tr\/#website\",\"url\":\"https:\/\/www.hotrain.net\/tr\/\",\"name\":\"HOTRAIN\",\"description\":\"\",\"potentialAction\":[{\"@type\":\"SearchAction\",\"target\":{\"@type\":\"EntryPoint\",\"urlTemplate\":\"https:\/\/www.hotrain.net\/tr\/?s={search_term_string}\"},\"query-input\":{\"@type\":\"PropertyValueSpecification\",\"valueRequired\":true,\"valueName\":\"search_term_string\"}}],\"inLanguage\":\"tr\"}]}<\/script>\n<!-- \/ Yoast SEO plugin. -->","yoast_head_json":{"title":"D\u0130J\u0130TAL TASARIM H\u0130ZMETLER\u0130 - HOTRAIN","robots":{"index":"index","follow":"follow","max-snippet":"max-snippet:-1","max-image-preview":"max-image-preview:large","max-video-preview":"max-video-preview:-1"},"canonical":"https:\/\/www.hotrain.net\/tr\/dijital-tasarim-hizmetleri\/","og_locale":"tr_TR","og_type":"article","og_title":"D\u0130J\u0130TAL TASARIM H\u0130ZMETLER\u0130 - HOTRAIN","og_description":"[vc_row][vc_column width=&#8221;1\/6&#8243;][\/vc_column][vc_column width=&#8221;2\/3&#8243;][\/vc_column][vc_column width=&#8221;1\/6&#8243;][\/vc_column][\/vc_row]","og_url":"https:\/\/www.hotrain.net\/tr\/dijital-tasarim-hizmetleri\/","og_site_name":"HOTRAIN","article_publisher":"https:\/\/www.facebook.com\/hotraininternational\/","article_modified_time":"2017-02-22T12:26:19+00:00","og_image":[{"width":1920,"height":1200,"url":"https:\/\/www.hotrain.net\/wp-content\/uploads\/2016\/12\/bg_image_13.jpg","type":"image\/jpeg"}],"twitter_card":"summary_large_image","twitter_misc":{"Tahmini okuma s\u00fcresi":"2 dakika"},"schema":{"@context":"https:\/\/schema.org","@graph":[{"@type":"WebPage","@id":"https:\/\/www.hotrain.net\/tr\/dijital-tasarim-hizmetleri\/","url":"https:\/\/www.hotrain.net\/tr\/dijital-tasarim-hizmetleri\/","name":"D\u0130J\u0130TAL TASARIM H\u0130ZMETLER\u0130 - HOTRAIN","isPartOf":{"@id":"https:\/\/www.hotrain.net\/tr\/#website"},"primaryImageOfPage":{"@id":"https:\/\/www.hotrain.net\/tr\/dijital-tasarim-hizmetleri\/#primaryimage"},"image":{"@id":"https:\/\/www.hotrain.net\/tr\/dijital-tasarim-hizmetleri\/#primaryimage"},"thumbnailUrl":"https:\/\/www.hotrain.net\/wp-content\/uploads\/2016\/12\/bg_image_13.jpg","datePublished":"2016-12-26T20:14:20+00:00","dateModified":"2017-02-22T12:26:19+00:00","breadcrumb":{"@id":"https:\/\/www.hotrain.net\/tr\/dijital-tasarim-hizmetleri\/#breadcrumb"},"inLanguage":"tr","potentialAction":[{"@type":"ReadAction","target":["https:\/\/www.hotrain.net\/tr\/dijital-tasarim-hizmetleri\/"]}]},{"@type":"ImageObject","inLanguage":"tr","@id":"https:\/\/www.hotrain.net\/tr\/dijital-tasarim-hizmetleri\/#primaryimage","url":"https:\/\/www.hotrain.net\/wp-content\/uploads\/2016\/12\/bg_image_13.jpg","contentUrl":"https:\/\/www.hotrain.net\/wp-content\/uploads\/2016\/12\/bg_image_13.jpg","width":1920,"height":1200},{"@type":"BreadcrumbList","@id":"https:\/\/www.hotrain.net\/tr\/dijital-tasarim-hizmetleri\/#breadcrumb","itemListElement":[{"@type":"ListItem","position":1,"name":"Home","item":"https:\/\/www.hotrain.net\/tr\/"},{"@type":"ListItem","position":2,"name":"D\u0130J\u0130TAL TASARIM H\u0130ZMETLER\u0130"}]},{"@type":"WebSite","@id":"https:\/\/www.hotrain.net\/tr\/#website","url":"https:\/\/www.hotrain.net\/tr\/","name":"HOTRAIN","description":"","potentialAction":[{"@type":"SearchAction","target":{"@type":"EntryPoint","urlTemplate":"https:\/\/www.hotrain.net\/tr\/?s={search_term_string}"},"query-input":{"@type":"PropertyValueSpecification","valueRequired":true,"valueName":"search_term_string"}}],"inLanguage":"tr"}]}},"_links":{"self":[{"href":"https:\/\/www.hotrain.net\/wp-json\/wp\/v2\/pages\/27","targetHints":{"allow":["GET"]}}],"collection":[{"href":"https:\/\/www.hotrain.net\/wp-json\/wp\/v2\/pages"}],"about":[{"href":"https:\/\/www.hotrain.net\/wp-json\/wp\/v2\/types\/page"}],"author":[{"embeddable":true,"href":"https:\/\/www.hotrain.net\/wp-json\/wp\/v2\/users\/1"}],"replies":[{"embeddable":true,"href":"https:\/\/www.hotrain.net\/wp-json\/wp\/v2\/comments?post=27"}],"version-history":[{"count":6,"href":"https:\/\/www.hotrain.net\/wp-json\/wp\/v2\/pages\/27\/revisions"}],"predecessor-version":[{"id":905,"href":"https:\/\/www.hotrain.net\/wp-json\/wp\/v2\/pages\/27\/revisions\/905"}],"wp:featuredmedia":[{"embeddable":true,"href":"https:\/\/www.hotrain.net\/wp-json\/wp\/v2\/media\/843"}],"wp:attachment":[{"href":"https:\/\/www.hotrain.net\/wp-json\/wp\/v2\/media?parent=27"}],"curies":[{"name":"wp","href":"https:\/\/api.w.org\/{rel}","templated":true}]}}