{"id":25,"date":"2016-12-26T23:13:50","date_gmt":"2016-12-26T20:13:50","guid":{"rendered":"http:\/\/paternika.com\/hotrain\/?page_id=25"},"modified":"2017-01-27T22:02:06","modified_gmt":"2017-01-27T19:02:06","slug":"kisisel-imaj-danismanligi","status":"publish","type":"page","link":"https:\/\/www.hotrain.net\/tr\/kisisel-imaj-danismanligi\/","title":{"rendered":"K\u0130\u015e\u0130SEL \u0130MAJ DANI\u015eMANLI\u011eI"},"content":{"rendered":"<div class=\"wpb-content-wrapper\"><p>[vc_row][vc_column width=&#8221;1\/6&#8243;][\/vc_column][vc_column width=&#8221;2\/3&#8243;]<div data-enable_animator='' class='wpb_animate_when_almost_visible gambit-css-animation fade-in ' style='-webkit-animation-duration: 2.5s;-moz-animation-duration: 2.5s;-ms-animation-duration: 2.5s;-o-animation-duration: 2.5s;animation-duration: 2.5s;opacity: 0;-webkit-animation-delay: 0.1s;-moz-animation-delay: 0.1s;-ms-animation-delay: 0.1s;-o-animation-delay: 0.1s;animation-delay: 0.1s'>[vc_column_text css_animation=&#8221;slideInUp&#8221;]<\/p>\n<h5><span style=\"background-color: #ffde00;\"><strong>PROFESYONEL YA\u015eAMDA K\u0130\u015e\u0130SEL \u0130MAJ DENEY\u0130M\u0130<\/strong><\/span><\/h5>\n<h5>Profesyonel ya\u015famda ki\u015fisel imaj e\u011fitimleri konusunda Suna Kabaday\u0131 ile \u00e7al\u0131\u015fmaktay\u0131z.<\/h5>\n<blockquote><p>Profesyonel ya\u015famda imaj y\u00f6netimi programlar\u0131nda 5N-1K y\u00f6ntemiyle, imaj y\u00f6netiminin ne oldu\u011funu, ne zaman, nerede ve nas\u0131l olmas\u0131 gerekti\u011fini, kim i\u00e7in ve neden gerekli oldu\u011funu, katk\u0131lar\u0131n\u0131 vurgulayarak sekt\u00f6rel ve hayattan \u00f6rneklerle duygular\u0131 harekete ge\u00e7irecek bir uslupla anlatmaktay\u0131z.<\/p><\/blockquote>\n<h5><strong>Programlarda e\u011fitim, seminer veya Lunch &amp; Learn uygulamalar\u0131yla;<\/strong><\/h5>\n<h5><strong>\u00a0\u00a0\u00a0\u00a0\u00a0\u00a0\u00a0\u00a0 \u2713<\/strong>\u00a0 Profesyonel imaj ve alg\u0131 y\u00f6netimi<\/h5>\n<h5><strong>\u00a0\u00a0\u00a0\u00a0\u00a0\u00a0\u00a0\u00a0 \u2713<\/strong>\u00a0 Profesyonel ya\u015fam ko\u015fullar\u0131nda giyim ve gardrop y\u00f6netimi<\/h5>\n<h5><strong>\u00a0\u00a0\u00a0\u00a0\u00a0\u00a0\u00a0\u00a0 \u2713<\/strong>\u00a0 Serbest giyim k\u00fclt\u00fcr\u00fc<\/h5>\n<h5><strong>\u00a0\u00a0\u00a0\u00a0\u00a0\u00a0\u00a0\u00a0 \u2713<\/strong>\u00a0 G\u00f6r\u00fcnt\u00fc ve tav\u0131rda imaj h\u0131rs\u0131zlar\u0131<\/h5>\n<h5><strong>\u00a0\u00a0\u00a0\u00a0\u00a0\u00a0\u00a0\u00a0 \u2713<\/strong>\u00a0 Profesyonel ve sosyal ya\u015fam etiketi<\/h5>\n<h5><strong>\u00a0\u00a0\u00a0\u00a0\u00a0\u00a0\u00a0\u00a0 \u2713<\/strong>\u00a0 Uluslararas\u0131 i\u015f etiketi<\/h5>\n<h5><strong>\u00a0\u00a0\u00a0 \u00a0 \u00a0\u00a0 \u2713<\/strong>\u00a0 Etkili ki\u015fisel sunum ve sunum becerileri<\/h5>\n<h5><strong>\u00a0\u00a0\u00a0\u00a0 \u00a0 \u00a0 \u2713<\/strong>\u00a0 Ki\u015fisel markala\u015fma<\/h5>\n<h5>konular\u0131n\u0131 ele almaktay\u0131z.<\/h5>\n<h5>Otel ve restoranlar\u0131n ihtiya\u00e7lar\u0131 do\u011frultusunda kurum imaj\u0131 ile profesyonel imaj\u0131 b\u00fct\u00fcnle\u015ftirip, Moda Tasar\u0131mc\u0131s\u0131 Gamze Sara\u00e7o\u011flu\u2019nun haz\u0131rlad\u0131\u011f\u0131 tasar\u0131mlar ile hayata ge\u00e7irmekteyiz.<\/h5>\n<p>[\/vc_column_text]<\/div>[\/vc_column][vc_column width=&#8221;1\/6&#8243;][\/vc_column][\/vc_row]<\/p>\n<\/div>","protected":false},"excerpt":{"rendered":"<p>[vc_row][vc_column width=&#8221;1\/6&#8243;][\/vc_column][vc_column width=&#8221;2\/3&#8243;][\/vc_column][vc_column width=&#8221;1\/6&#8243;][\/vc_column][\/vc_row]<\/p>\n","protected":false},"author":1,"featured_media":837,"parent":0,"menu_order":0,"comment_status":"closed","ping_status":"closed","template":"","meta":{"inline_featured_image":false,"_locale":"tr_TR","_original_post":"25","footnotes":""},"class_list":["post-25","page","type-page","status-publish","has-post-thumbnail","hentry","tr-TR"],"yoast_head":"<!-- This site is optimized with the Yoast SEO plugin v26.9 - https:\/\/yoast.com\/product\/yoast-seo-wordpress\/ -->\n<title>K\u0130\u015e\u0130SEL \u0130MAJ DANI\u015eMANLI\u011eI - HOTRAIN<\/title>\n<meta name=\"robots\" content=\"index, follow, max-snippet:-1, max-image-preview:large, max-video-preview:-1\" \/>\n<link rel=\"canonical\" href=\"https:\/\/www.hotrain.net\/tr\/kisisel-imaj-danismanligi\/\" \/>\n<meta property=\"og:locale\" content=\"tr_TR\" \/>\n<meta property=\"og:type\" content=\"article\" \/>\n<meta property=\"og:title\" content=\"K\u0130\u015e\u0130SEL \u0130MAJ DANI\u015eMANLI\u011eI - HOTRAIN\" \/>\n<meta property=\"og:description\" content=\"[vc_row][vc_column width=&#8221;1\/6&#8243;][\/vc_column][vc_column width=&#8221;2\/3&#8243;][\/vc_column][vc_column width=&#8221;1\/6&#8243;][\/vc_column][\/vc_row]\" \/>\n<meta property=\"og:url\" content=\"https:\/\/www.hotrain.net\/tr\/kisisel-imaj-danismanligi\/\" \/>\n<meta property=\"og:site_name\" content=\"HOTRAIN\" \/>\n<meta property=\"article:publisher\" content=\"https:\/\/www.facebook.com\/hotraininternational\/\" \/>\n<meta property=\"article:modified_time\" content=\"2017-01-27T19:02:06+00:00\" \/>\n<meta property=\"og:image\" content=\"https:\/\/www.hotrain.net\/wp-content\/uploads\/2016\/12\/bg_image_12.jpg\" \/>\n\t<meta property=\"og:image:width\" content=\"1920\" \/>\n\t<meta property=\"og:image:height\" content=\"1200\" \/>\n\t<meta property=\"og:image:type\" content=\"image\/jpeg\" \/>\n<meta name=\"twitter:card\" content=\"summary_large_image\" \/>\n<meta name=\"twitter:label1\" content=\"Tahmini okuma s\u00fcresi\" \/>\n\t<meta name=\"twitter:data1\" content=\"1 dakika\" \/>\n<script type=\"application\/ld+json\" class=\"yoast-schema-graph\">{\"@context\":\"https:\/\/schema.org\",\"@graph\":[{\"@type\":\"WebPage\",\"@id\":\"https:\/\/www.hotrain.net\/tr\/kisisel-imaj-danismanligi\/\",\"url\":\"https:\/\/www.hotrain.net\/tr\/kisisel-imaj-danismanligi\/\",\"name\":\"K\u0130\u015e\u0130SEL \u0130MAJ DANI\u015eMANLI\u011eI - HOTRAIN\",\"isPartOf\":{\"@id\":\"https:\/\/www.hotrain.net\/tr\/#website\"},\"primaryImageOfPage\":{\"@id\":\"https:\/\/www.hotrain.net\/tr\/kisisel-imaj-danismanligi\/#primaryimage\"},\"image\":{\"@id\":\"https:\/\/www.hotrain.net\/tr\/kisisel-imaj-danismanligi\/#primaryimage\"},\"thumbnailUrl\":\"https:\/\/www.hotrain.net\/wp-content\/uploads\/2016\/12\/bg_image_12.jpg\",\"datePublished\":\"2016-12-26T20:13:50+00:00\",\"dateModified\":\"2017-01-27T19:02:06+00:00\",\"breadcrumb\":{\"@id\":\"https:\/\/www.hotrain.net\/tr\/kisisel-imaj-danismanligi\/#breadcrumb\"},\"inLanguage\":\"tr\",\"potentialAction\":[{\"@type\":\"ReadAction\",\"target\":[\"https:\/\/www.hotrain.net\/tr\/kisisel-imaj-danismanligi\/\"]}]},{\"@type\":\"ImageObject\",\"inLanguage\":\"tr\",\"@id\":\"https:\/\/www.hotrain.net\/tr\/kisisel-imaj-danismanligi\/#primaryimage\",\"url\":\"https:\/\/www.hotrain.net\/wp-content\/uploads\/2016\/12\/bg_image_12.jpg\",\"contentUrl\":\"https:\/\/www.hotrain.net\/wp-content\/uploads\/2016\/12\/bg_image_12.jpg\",\"width\":1920,\"height\":1200},{\"@type\":\"BreadcrumbList\",\"@id\":\"https:\/\/www.hotrain.net\/tr\/kisisel-imaj-danismanligi\/#breadcrumb\",\"itemListElement\":[{\"@type\":\"ListItem\",\"position\":1,\"name\":\"Home\",\"item\":\"https:\/\/www.hotrain.net\/tr\/\"},{\"@type\":\"ListItem\",\"position\":2,\"name\":\"K\u0130\u015e\u0130SEL \u0130MAJ DANI\u015eMANLI\u011eI\"}]},{\"@type\":\"WebSite\",\"@id\":\"https:\/\/www.hotrain.net\/tr\/#website\",\"url\":\"https:\/\/www.hotrain.net\/tr\/\",\"name\":\"HOTRAIN\",\"description\":\"\",\"potentialAction\":[{\"@type\":\"SearchAction\",\"target\":{\"@type\":\"EntryPoint\",\"urlTemplate\":\"https:\/\/www.hotrain.net\/tr\/?s={search_term_string}\"},\"query-input\":{\"@type\":\"PropertyValueSpecification\",\"valueRequired\":true,\"valueName\":\"search_term_string\"}}],\"inLanguage\":\"tr\"}]}<\/script>\n<!-- \/ Yoast SEO plugin. -->","yoast_head_json":{"title":"K\u0130\u015e\u0130SEL \u0130MAJ DANI\u015eMANLI\u011eI - HOTRAIN","robots":{"index":"index","follow":"follow","max-snippet":"max-snippet:-1","max-image-preview":"max-image-preview:large","max-video-preview":"max-video-preview:-1"},"canonical":"https:\/\/www.hotrain.net\/tr\/kisisel-imaj-danismanligi\/","og_locale":"tr_TR","og_type":"article","og_title":"K\u0130\u015e\u0130SEL \u0130MAJ DANI\u015eMANLI\u011eI - HOTRAIN","og_description":"[vc_row][vc_column width=&#8221;1\/6&#8243;][\/vc_column][vc_column width=&#8221;2\/3&#8243;][\/vc_column][vc_column width=&#8221;1\/6&#8243;][\/vc_column][\/vc_row]","og_url":"https:\/\/www.hotrain.net\/tr\/kisisel-imaj-danismanligi\/","og_site_name":"HOTRAIN","article_publisher":"https:\/\/www.facebook.com\/hotraininternational\/","article_modified_time":"2017-01-27T19:02:06+00:00","og_image":[{"width":1920,"height":1200,"url":"https:\/\/www.hotrain.net\/wp-content\/uploads\/2016\/12\/bg_image_12.jpg","type":"image\/jpeg"}],"twitter_card":"summary_large_image","twitter_misc":{"Tahmini okuma s\u00fcresi":"1 dakika"},"schema":{"@context":"https:\/\/schema.org","@graph":[{"@type":"WebPage","@id":"https:\/\/www.hotrain.net\/tr\/kisisel-imaj-danismanligi\/","url":"https:\/\/www.hotrain.net\/tr\/kisisel-imaj-danismanligi\/","name":"K\u0130\u015e\u0130SEL \u0130MAJ DANI\u015eMANLI\u011eI - HOTRAIN","isPartOf":{"@id":"https:\/\/www.hotrain.net\/tr\/#website"},"primaryImageOfPage":{"@id":"https:\/\/www.hotrain.net\/tr\/kisisel-imaj-danismanligi\/#primaryimage"},"image":{"@id":"https:\/\/www.hotrain.net\/tr\/kisisel-imaj-danismanligi\/#primaryimage"},"thumbnailUrl":"https:\/\/www.hotrain.net\/wp-content\/uploads\/2016\/12\/bg_image_12.jpg","datePublished":"2016-12-26T20:13:50+00:00","dateModified":"2017-01-27T19:02:06+00:00","breadcrumb":{"@id":"https:\/\/www.hotrain.net\/tr\/kisisel-imaj-danismanligi\/#breadcrumb"},"inLanguage":"tr","potentialAction":[{"@type":"ReadAction","target":["https:\/\/www.hotrain.net\/tr\/kisisel-imaj-danismanligi\/"]}]},{"@type":"ImageObject","inLanguage":"tr","@id":"https:\/\/www.hotrain.net\/tr\/kisisel-imaj-danismanligi\/#primaryimage","url":"https:\/\/www.hotrain.net\/wp-content\/uploads\/2016\/12\/bg_image_12.jpg","contentUrl":"https:\/\/www.hotrain.net\/wp-content\/uploads\/2016\/12\/bg_image_12.jpg","width":1920,"height":1200},{"@type":"BreadcrumbList","@id":"https:\/\/www.hotrain.net\/tr\/kisisel-imaj-danismanligi\/#breadcrumb","itemListElement":[{"@type":"ListItem","position":1,"name":"Home","item":"https:\/\/www.hotrain.net\/tr\/"},{"@type":"ListItem","position":2,"name":"K\u0130\u015e\u0130SEL \u0130MAJ DANI\u015eMANLI\u011eI"}]},{"@type":"WebSite","@id":"https:\/\/www.hotrain.net\/tr\/#website","url":"https:\/\/www.hotrain.net\/tr\/","name":"HOTRAIN","description":"","potentialAction":[{"@type":"SearchAction","target":{"@type":"EntryPoint","urlTemplate":"https:\/\/www.hotrain.net\/tr\/?s={search_term_string}"},"query-input":{"@type":"PropertyValueSpecification","valueRequired":true,"valueName":"search_term_string"}}],"inLanguage":"tr"}]}},"_links":{"self":[{"href":"https:\/\/www.hotrain.net\/wp-json\/wp\/v2\/pages\/25","targetHints":{"allow":["GET"]}}],"collection":[{"href":"https:\/\/www.hotrain.net\/wp-json\/wp\/v2\/pages"}],"about":[{"href":"https:\/\/www.hotrain.net\/wp-json\/wp\/v2\/types\/page"}],"author":[{"embeddable":true,"href":"https:\/\/www.hotrain.net\/wp-json\/wp\/v2\/users\/1"}],"replies":[{"embeddable":true,"href":"https:\/\/www.hotrain.net\/wp-json\/wp\/v2\/comments?post=25"}],"version-history":[{"count":9,"href":"https:\/\/www.hotrain.net\/wp-json\/wp\/v2\/pages\/25\/revisions"}],"predecessor-version":[{"id":788,"href":"https:\/\/www.hotrain.net\/wp-json\/wp\/v2\/pages\/25\/revisions\/788"}],"wp:featuredmedia":[{"embeddable":true,"href":"https:\/\/www.hotrain.net\/wp-json\/wp\/v2\/media\/837"}],"wp:attachment":[{"href":"https:\/\/www.hotrain.net\/wp-json\/wp\/v2\/media?parent=25"}],"curies":[{"name":"wp","href":"https:\/\/api.w.org\/{rel}","templated":true}]}}