{"id":23,"date":"2016-12-26T23:13:00","date_gmt":"2016-12-26T20:13:00","guid":{"rendered":"http:\/\/paternika.com\/hotrain\/?page_id=23"},"modified":"2017-01-31T00:27:45","modified_gmt":"2017-01-30T21:27:45","slug":"insan-kaynaklari","status":"publish","type":"page","link":"https:\/\/www.hotrain.net\/tr\/insan-kaynaklari\/","title":{"rendered":"\u0130NSAN KAYNAKLARI"},"content":{"rendered":"<div class=\"wpb-content-wrapper\"><p>[vc_row][vc_column width=&#8221;1\/6&#8243;][\/vc_column][vc_column width=&#8221;2\/3&#8243;]<div data-enable_animator='' class='wpb_animate_when_almost_visible gambit-css-animation fade-in ' style='-webkit-animation-duration: 2.5s;-moz-animation-duration: 2.5s;-ms-animation-duration: 2.5s;-o-animation-duration: 2.5s;animation-duration: 2.5s;opacity: 0;-webkit-animation-delay: 0.1s;-moz-animation-delay: 0.1s;-ms-animation-delay: 0.1s;-o-animation-delay: 0.1s;animation-delay: 0.1s'>[vc_column_text css_animation=&#8221;slideInUp&#8221;]<\/p>\n<h5><span style=\"background-color: #ffde00;\"><strong>\u0130NSAN KAYNAKLARI S\u0130STEM ALTYAPI STANDARTLARININ OLU\u015eTURULMASI<\/strong><\/span><\/h5>\n<h5>\u0130nsan kaynaklar\u0131 sistemlerini \u015firketin vizyon ve misyonuna uygun olarak g\u00fcncel, personel ihtiya\u00e7lar\u0131n\u0131 en maksimum d\u00fczeyde kar\u015f\u0131layacak, kullan\u0131c\u0131 odakl\u0131 olacak \u015fekilde tasarlamaktay\u0131z.<\/h5>\n<h5>Personel \u00d6zl\u00fck s\u00fcre\u00e7leri konusunda prosed\u00fcrlerin ve talimatlar\u0131n yaz\u0131lmas\u0131 ve uygulanabilir hale gelmesi konusunda hizmetlerimiz bulunmaktad\u0131r. \u0130nsan kaynaklar\u0131 organizasyon yap\u0131s\u0131na uygun olarak \u00fccretlendirme ve kademelendirme sisteminin kurulmas\u0131 ve geli\u015ftirilmesi ile ilgili \u00e7al\u0131\u015fmalar\u0131m\u0131z bulunmaktad\u0131r.<\/h5>\n<h5><span style=\"background-color: #ffde00;\"><strong><br \/>\n\u0130\u015eE ALIM S\u00dcREC\u0130 DANI\u015eMANLIK H\u0130ZMET\u0130<\/strong><\/span><\/h5>\n<h5>\u0130\u015fletme taraf\u0131ndan belirtilen a\u00e7\u0131klar do\u011frultusunda i\u015fletme ad\u0131na m\u00fclakatlar\u0131 yapmakta, olumlu olan adaylar\u0131n referanslar\u0131n\u0131 kontrol etmekte ve i\u015fletme y\u00f6neticilerine k\u0131sa liste olarak sunmaktay\u0131z. B\u00f6ylece i\u015fletme zaman ve i\u015f g\u00fcc\u00fc tasarrufunda bulunmaktad\u0131r.<\/h5>\n<h5><span style=\"background-color: #ffde00;\"><strong><br \/>\n\u0130\u015e TANIMLARININ VE POZ\u0130SYON PROF\u0130LLER\u0130N\u0130N YAZILMASI<\/strong><\/span><\/h5>\n<h5>\u0130\u015fletmeler i\u00e7in organizasyon \u015femalar\u0131n\u0131 haz\u0131rlamakta ve organizasyon \u015femalar\u0131 do\u011frultusunda her pozisyon i\u00e7in i\u015f tan\u0131mlar\u0131 olu\u015fturmaktay\u0131z.<\/h5>\n<blockquote><p>Ayr\u0131ca i\u015f tan\u0131mlar\u0131 do\u011frultusunda pozisyona en uygun aday\u0131n \u00f6zelliklerini tan\u0131mlayarak, pozisyon profillerini (ya\u015f, tabiiyet, e\u011fitim seviyesi, deneyim, genel \u00f6zellikleri vb. nitelikler) haz\u0131rlamaktay\u0131z.<\/p><\/blockquote>\n<h5><span style=\"background-color: #ffde00;\"><strong><br \/>\nPERSONEL EL K\u0130TABININ YAZILMASI<\/strong><\/span><\/h5>\n<h5>\u0130\u015fletmenin amac\u0131n\u0131, vizyonunu, misyonunu, \u00fcr\u00fcn ve servise bak\u0131\u015f a\u00e7\u0131s\u0131n\u0131, personelinden beklentilerini, disiplin kurallar\u0131n\u0131, ki\u015fisel g\u00f6r\u00fcn\u00fcm standartlar\u0131n\u0131 ve \u00e7al\u0131\u015fma ko\u015fullar\u0131n\u0131 de\u011ferlendirerek t\u00fcm i\u015fletme personeline sunulabilecek bir el kitab\u0131 haz\u0131rlamaktay\u0131z.<\/h5>\n<h5><span style=\"background-color: #ffde00;\"><strong><br \/>\nOPERASYON STANDARTLARININ \u2013 SOP\u2019LER\u0130N YAZILMASI<\/strong><\/span><\/h5>\n<h5>\u0130\u015fletme i\u00e7erisinde yap\u0131lan t\u00fcm g\u00f6revleri detayl\u0131 bir \u015fekilde yazarak, i\u015fletme standartlar\u0131 do\u011frultusunda t\u00fcm ekip taraf\u0131ndan ayn\u0131 \u015fekilde hizmet verilmesi i\u00e7in genel prosed\u00fcrleri belirlemekte, gerekli olan dok\u00fcmanlar\u0131 detayland\u0131rmakta, formlar\u0131 matbu\u011f hale getirmekteyiz.<\/h5>\n<p>[\/vc_column_text]<\/div>[\/vc_column][vc_column width=&#8221;1\/6&#8243;][\/vc_column][\/vc_row]<\/p>\n<\/div>","protected":false},"excerpt":{"rendered":"<p>[vc_row][vc_column width=&#8221;1\/6&#8243;][\/vc_column][vc_column width=&#8221;2\/3&#8243;][\/vc_column][vc_column width=&#8221;1\/6&#8243;][\/vc_column][\/vc_row]<\/p>\n","protected":false},"author":1,"featured_media":838,"parent":0,"menu_order":0,"comment_status":"closed","ping_status":"closed","template":"","meta":{"inline_featured_image":false,"_locale":"tr_TR","_original_post":"23","footnotes":""},"class_list":["post-23","page","type-page","status-publish","has-post-thumbnail","hentry","tr-TR"],"yoast_head":"<!-- This site is optimized with the Yoast SEO plugin v26.9 - https:\/\/yoast.com\/product\/yoast-seo-wordpress\/ -->\n<title>\u0130NSAN KAYNAKLARI - HOTRAIN<\/title>\n<meta name=\"robots\" content=\"index, follow, max-snippet:-1, max-image-preview:large, max-video-preview:-1\" \/>\n<link rel=\"canonical\" href=\"https:\/\/www.hotrain.net\/tr\/insan-kaynaklari\/\" \/>\n<meta property=\"og:locale\" content=\"tr_TR\" \/>\n<meta property=\"og:type\" content=\"article\" \/>\n<meta property=\"og:title\" content=\"\u0130NSAN KAYNAKLARI - HOTRAIN\" \/>\n<meta property=\"og:description\" content=\"[vc_row][vc_column width=&#8221;1\/6&#8243;][\/vc_column][vc_column width=&#8221;2\/3&#8243;][\/vc_column][vc_column width=&#8221;1\/6&#8243;][\/vc_column][\/vc_row]\" \/>\n<meta property=\"og:url\" content=\"https:\/\/www.hotrain.net\/tr\/insan-kaynaklari\/\" \/>\n<meta property=\"og:site_name\" content=\"HOTRAIN\" \/>\n<meta property=\"article:publisher\" content=\"https:\/\/www.facebook.com\/hotraininternational\/\" \/>\n<meta property=\"article:modified_time\" content=\"2017-01-30T21:27:45+00:00\" \/>\n<meta property=\"og:image\" content=\"https:\/\/www.hotrain.net\/wp-content\/uploads\/2016\/12\/bg_image_11.jpg\" \/>\n\t<meta property=\"og:image:width\" content=\"1920\" \/>\n\t<meta property=\"og:image:height\" content=\"1200\" \/>\n\t<meta property=\"og:image:type\" content=\"image\/jpeg\" \/>\n<meta name=\"twitter:card\" content=\"summary_large_image\" \/>\n<meta name=\"twitter:label1\" content=\"Tahmini okuma s\u00fcresi\" \/>\n\t<meta name=\"twitter:data1\" content=\"2 dakika\" \/>\n<script type=\"application\/ld+json\" class=\"yoast-schema-graph\">{\"@context\":\"https:\/\/schema.org\",\"@graph\":[{\"@type\":\"WebPage\",\"@id\":\"https:\/\/www.hotrain.net\/tr\/insan-kaynaklari\/\",\"url\":\"https:\/\/www.hotrain.net\/tr\/insan-kaynaklari\/\",\"name\":\"\u0130NSAN KAYNAKLARI - HOTRAIN\",\"isPartOf\":{\"@id\":\"https:\/\/www.hotrain.net\/tr\/#website\"},\"primaryImageOfPage\":{\"@id\":\"https:\/\/www.hotrain.net\/tr\/insan-kaynaklari\/#primaryimage\"},\"image\":{\"@id\":\"https:\/\/www.hotrain.net\/tr\/insan-kaynaklari\/#primaryimage\"},\"thumbnailUrl\":\"https:\/\/www.hotrain.net\/wp-content\/uploads\/2016\/12\/bg_image_11.jpg\",\"datePublished\":\"2016-12-26T20:13:00+00:00\",\"dateModified\":\"2017-01-30T21:27:45+00:00\",\"breadcrumb\":{\"@id\":\"https:\/\/www.hotrain.net\/tr\/insan-kaynaklari\/#breadcrumb\"},\"inLanguage\":\"tr\",\"potentialAction\":[{\"@type\":\"ReadAction\",\"target\":[\"https:\/\/www.hotrain.net\/tr\/insan-kaynaklari\/\"]}]},{\"@type\":\"ImageObject\",\"inLanguage\":\"tr\",\"@id\":\"https:\/\/www.hotrain.net\/tr\/insan-kaynaklari\/#primaryimage\",\"url\":\"https:\/\/www.hotrain.net\/wp-content\/uploads\/2016\/12\/bg_image_11.jpg\",\"contentUrl\":\"https:\/\/www.hotrain.net\/wp-content\/uploads\/2016\/12\/bg_image_11.jpg\",\"width\":1920,\"height\":1200},{\"@type\":\"BreadcrumbList\",\"@id\":\"https:\/\/www.hotrain.net\/tr\/insan-kaynaklari\/#breadcrumb\",\"itemListElement\":[{\"@type\":\"ListItem\",\"position\":1,\"name\":\"Home\",\"item\":\"https:\/\/www.hotrain.net\/tr\/\"},{\"@type\":\"ListItem\",\"position\":2,\"name\":\"\u0130NSAN KAYNAKLARI\"}]},{\"@type\":\"WebSite\",\"@id\":\"https:\/\/www.hotrain.net\/tr\/#website\",\"url\":\"https:\/\/www.hotrain.net\/tr\/\",\"name\":\"HOTRAIN\",\"description\":\"\",\"potentialAction\":[{\"@type\":\"SearchAction\",\"target\":{\"@type\":\"EntryPoint\",\"urlTemplate\":\"https:\/\/www.hotrain.net\/tr\/?s={search_term_string}\"},\"query-input\":{\"@type\":\"PropertyValueSpecification\",\"valueRequired\":true,\"valueName\":\"search_term_string\"}}],\"inLanguage\":\"tr\"}]}<\/script>\n<!-- \/ Yoast SEO plugin. -->","yoast_head_json":{"title":"\u0130NSAN KAYNAKLARI - HOTRAIN","robots":{"index":"index","follow":"follow","max-snippet":"max-snippet:-1","max-image-preview":"max-image-preview:large","max-video-preview":"max-video-preview:-1"},"canonical":"https:\/\/www.hotrain.net\/tr\/insan-kaynaklari\/","og_locale":"tr_TR","og_type":"article","og_title":"\u0130NSAN KAYNAKLARI - HOTRAIN","og_description":"[vc_row][vc_column width=&#8221;1\/6&#8243;][\/vc_column][vc_column width=&#8221;2\/3&#8243;][\/vc_column][vc_column width=&#8221;1\/6&#8243;][\/vc_column][\/vc_row]","og_url":"https:\/\/www.hotrain.net\/tr\/insan-kaynaklari\/","og_site_name":"HOTRAIN","article_publisher":"https:\/\/www.facebook.com\/hotraininternational\/","article_modified_time":"2017-01-30T21:27:45+00:00","og_image":[{"width":1920,"height":1200,"url":"https:\/\/www.hotrain.net\/wp-content\/uploads\/2016\/12\/bg_image_11.jpg","type":"image\/jpeg"}],"twitter_card":"summary_large_image","twitter_misc":{"Tahmini okuma s\u00fcresi":"2 dakika"},"schema":{"@context":"https:\/\/schema.org","@graph":[{"@type":"WebPage","@id":"https:\/\/www.hotrain.net\/tr\/insan-kaynaklari\/","url":"https:\/\/www.hotrain.net\/tr\/insan-kaynaklari\/","name":"\u0130NSAN KAYNAKLARI - HOTRAIN","isPartOf":{"@id":"https:\/\/www.hotrain.net\/tr\/#website"},"primaryImageOfPage":{"@id":"https:\/\/www.hotrain.net\/tr\/insan-kaynaklari\/#primaryimage"},"image":{"@id":"https:\/\/www.hotrain.net\/tr\/insan-kaynaklari\/#primaryimage"},"thumbnailUrl":"https:\/\/www.hotrain.net\/wp-content\/uploads\/2016\/12\/bg_image_11.jpg","datePublished":"2016-12-26T20:13:00+00:00","dateModified":"2017-01-30T21:27:45+00:00","breadcrumb":{"@id":"https:\/\/www.hotrain.net\/tr\/insan-kaynaklari\/#breadcrumb"},"inLanguage":"tr","potentialAction":[{"@type":"ReadAction","target":["https:\/\/www.hotrain.net\/tr\/insan-kaynaklari\/"]}]},{"@type":"ImageObject","inLanguage":"tr","@id":"https:\/\/www.hotrain.net\/tr\/insan-kaynaklari\/#primaryimage","url":"https:\/\/www.hotrain.net\/wp-content\/uploads\/2016\/12\/bg_image_11.jpg","contentUrl":"https:\/\/www.hotrain.net\/wp-content\/uploads\/2016\/12\/bg_image_11.jpg","width":1920,"height":1200},{"@type":"BreadcrumbList","@id":"https:\/\/www.hotrain.net\/tr\/insan-kaynaklari\/#breadcrumb","itemListElement":[{"@type":"ListItem","position":1,"name":"Home","item":"https:\/\/www.hotrain.net\/tr\/"},{"@type":"ListItem","position":2,"name":"\u0130NSAN KAYNAKLARI"}]},{"@type":"WebSite","@id":"https:\/\/www.hotrain.net\/tr\/#website","url":"https:\/\/www.hotrain.net\/tr\/","name":"HOTRAIN","description":"","potentialAction":[{"@type":"SearchAction","target":{"@type":"EntryPoint","urlTemplate":"https:\/\/www.hotrain.net\/tr\/?s={search_term_string}"},"query-input":{"@type":"PropertyValueSpecification","valueRequired":true,"valueName":"search_term_string"}}],"inLanguage":"tr"}]}},"_links":{"self":[{"href":"https:\/\/www.hotrain.net\/wp-json\/wp\/v2\/pages\/23","targetHints":{"allow":["GET"]}}],"collection":[{"href":"https:\/\/www.hotrain.net\/wp-json\/wp\/v2\/pages"}],"about":[{"href":"https:\/\/www.hotrain.net\/wp-json\/wp\/v2\/types\/page"}],"author":[{"embeddable":true,"href":"https:\/\/www.hotrain.net\/wp-json\/wp\/v2\/users\/1"}],"replies":[{"embeddable":true,"href":"https:\/\/www.hotrain.net\/wp-json\/wp\/v2\/comments?post=23"}],"version-history":[{"count":9,"href":"https:\/\/www.hotrain.net\/wp-json\/wp\/v2\/pages\/23\/revisions"}],"predecessor-version":[{"id":853,"href":"https:\/\/www.hotrain.net\/wp-json\/wp\/v2\/pages\/23\/revisions\/853"}],"wp:featuredmedia":[{"embeddable":true,"href":"https:\/\/www.hotrain.net\/wp-json\/wp\/v2\/media\/838"}],"wp:attachment":[{"href":"https:\/\/www.hotrain.net\/wp-json\/wp\/v2\/media?parent=23"}],"curies":[{"name":"wp","href":"https:\/\/api.w.org\/{rel}","templated":true}]}}