{"id":21,"date":"2016-12-26T23:12:31","date_gmt":"2016-12-26T20:12:31","guid":{"rendered":"http:\/\/paternika.com\/hotrain\/?page_id=21"},"modified":"2017-02-22T14:45:37","modified_gmt":"2017-02-22T11:45:37","slug":"kahve-danismanligi","status":"publish","type":"page","link":"https:\/\/www.hotrain.net\/tr\/kahve-danismanligi\/","title":{"rendered":"KAHVE DANI\u015eMANLI\u011eI"},"content":{"rendered":"<div class=\"wpb-content-wrapper\"><p>[vc_row][vc_column width=&#8221;1\/6&#8243;][\/vc_column][vc_column width=&#8221;2\/3&#8243;]<div data-enable_animator='' class='wpb_animate_when_almost_visible gambit-css-animation fade-in ' style='-webkit-animation-duration: 2.5s;-moz-animation-duration: 2.5s;-ms-animation-duration: 2.5s;-o-animation-duration: 2.5s;animation-duration: 2.5s;opacity: 0;-webkit-animation-delay: 0.1s;-moz-animation-delay: 0.1s;-ms-animation-delay: 0.1s;-o-animation-delay: 0.1s;animation-delay: 0.1s'>[vc_column_text css_animation=&#8221;slideInUp&#8221;]<\/p>\n<h5>2013 y\u0131l\u0131nda \u201cher yerde iyi kahve i\u00e7ilmesi\u201d amac\u0131yla kurulan PETRA Roasting CO. ile \u00e7\u00f6z\u00fcm ortakl\u0131\u011f\u0131m\u0131z kapsam\u0131nda kahve konusunda uzmanla\u015fmak isteyen sekt\u00f6r \u00e7al\u0131\u015fanlar\u0131na \u00f6zel e\u011fitimler sunmakta ve kurulu\u015f a\u015famas\u0131nda veya mevcut i\u015fletmelere y\u00f6nelik tam kapsaml\u0131 dan\u0131\u015fmanl\u0131k hizmeti vermekteyiz.<\/h5>\n<h5><span style=\"background-color: #ffde00;\"><strong><br \/>\nE\u011e\u0130T\u0130MLER<\/strong><\/span><\/h5>\n<h5><strong>Espresso 101<\/strong><\/h5>\n<h5><strong>\u00a0\u00a0\u00a0\u00a0\u00a0\u00a0\u00a0\u00a0 \u2713<\/strong>\u00a0 Espresso nedir?<\/h5>\n<h5><strong>\u00a0\u00a0\u00a0\u00a0\u00a0\u00a0\u00a0\u00a0 \u2713<\/strong>\u00a0 Grinder ayarlar\u0131n\u0131n yap\u0131lmas\u0131 ve espresso tad\u0131na etkileri<\/h5>\n<h5><strong>\u00a0\u00a0\u00a0\u00a0\u00a0\u00a0\u00a0\u00a0 \u2713<\/strong>\u00a0 Espresso yap\u0131m\u0131 s\u0131ras\u0131nda kar\u015f\u0131la\u015f\u0131lan problemler ve \u00e7\u00f6z\u00fcm y\u00f6ntemleri<\/h5>\n<h5><strong>\u00a0\u00a0\u00a0\u00a0\u00a0\u00a0\u00a0\u00a0 \u2713<\/strong>\u00a0 Makine ve makine \u00e7e\u015fitlerine giri\u015f<\/h5>\n<h5><strong>\u00a0\u00a0\u00a0\u00a0\u00a0\u00a0\u00a0\u00a0 \u2713<\/strong>\u00a0 S\u00fctl\u00fc i\u00e7eceklere giri\u015f<\/h5>\n<h5><strong><br \/>\nEspresso Advance ve Latte Art<\/strong><\/h5>\n<h5><strong>\u00a0\u00a0\u00a0\u00a0\u00a0\u00a0\u00a0\u00a0 \u2713<\/strong>\u00a0 Detayl\u0131 espresso tad\u0131m\u0131 ve servisi<\/h5>\n<h5><strong>\u00a0\u00a0\u00a0\u00a0\u00a0\u00a0\u00a0\u00a0 \u2713<\/strong>\u00a0 Espressso grind setting ayarlar\u0131 e\u011fitimi<\/h5>\n<h5><strong>\u00a0\u00a0\u00a0\u00a0\u00a0\u00a0\u00a0\u00a0 \u2713<\/strong>\u00a0 S\u00fctl\u00fc i\u00e7ecekler (espresso ve s\u00fct oranlar\u0131)<\/h5>\n<h5><strong>\u00a0\u00a0\u00a0\u00a0\u00a0\u00a0\u00a0\u00a0 \u2713<\/strong>\u00a0 S\u00fctl\u00fc i\u00e7eceklere g\u00f6re do\u011fru s\u00fct yap\u0131m teknikleri ve \u0131s\u0131 ayarlar\u0131<\/h5>\n<h5><strong>\u00a0\u00a0\u00a0\u00a0\u00a0\u00a0\u00a0\u00a0 \u2713<\/strong>\u00a0 Latte Art (kalp, rozzetta, tulip) yap\u0131m teknikleri ve e\u011fitimi<\/h5>\n<h5><strong><br \/>\nEvde Kahve Demleme At\u00f6lyesi<\/strong><\/h5>\n<h5><strong>\u00a0\u00a0\u00a0\u00a0\u00a0\u00a0\u00a0\u00a0 \u2713<\/strong>\u00a0 Kahvenin yolculu\u011fu ve anlat\u0131m\u0131<\/h5>\n<h5><strong>\u00a0\u00a0\u00a0\u00a0\u00a0\u00a0\u00a0\u00a0 \u2713<\/strong>\u00a0 Chemex, Aeropress ve Frenchpress y\u00f6ntemlerine detayl\u0131 giri\u015f<\/h5>\n<h5><strong>\u00a0\u00a0\u00a0\u00a0\u00a0\u00a0\u00a0\u00a0 \u2713<\/strong>\u00a0 Evde kahve demleme y\u00f6ntemleri \u00fczerine anlat\u0131m ve uygulamalar<\/h5>\n<h5><strong><br \/>\nManuel Demleme Y\u00f6ntemleri<\/strong><\/h5>\n<h5><strong>\u00a0\u00a0\u00a0\u00a0\u00a0\u00a0\u00a0\u00a0 \u2713<\/strong>\u00a0 Detayl\u0131 manuel demleme y\u00f6ntemleri, tad\u0131mlar, teknikler \u00fczerine anlat\u0131m<\/h5>\n<h5><strong>\u00a0\u00a0\u00a0\u00a0\u00a0\u00a0\u00a0\u00a0 \u2713<\/strong>\u00a0 Do\u011fru ekipman kullan\u0131m\u0131 ve servis e\u011fitimi<\/h5>\n<h5><strong>\u00a0\u00a0\u00a0\u00a0\u00a0\u00a0\u00a0\u00a0 \u2713<\/strong>\u00a0 \u00c7ekirdek fakl\u0131l\u0131klar\u0131na g\u00f6re grind setting e\u011fitimi<\/h5>\n<h5><strong>\u00a0\u00a0\u00a0\u00a0\u00a0\u00a0\u00a0\u00a0 \u2713<\/strong>\u00a0 Kahve tad\u0131m notlar\u0131n\u0131 ortaya \u00e7\u0131kartacak do\u011fru demleme metodlar\u0131n\u0131n anlat\u0131m\u0131<\/h5>\n<h5><strong>\u00a0\u00a0\u00a0\u00a0\u00a0\u00a0\u00a0\u00a0 \u2713<\/strong>\u00a0 Profesyonel kahve servisi<\/h5>\n<h5><strong><br \/>\nM\u00fc\u015fteri Memnuniyeti ve Yeni Nesil Kahve \u00dczerine Teori E\u011fitimi<\/strong><\/h5>\n<h5><strong>\u00a0\u00a0\u00a0\u00a0\u00a0\u00a0\u00a0\u00a0 \u2713<\/strong>\u00a0 Detayl\u0131 yeni nesil kahveler \u00fczerine anlat\u0131m<\/h5>\n<h5><strong>\u00a0\u00a0\u00a0\u00a0\u00a0\u00a0\u00a0\u00a0 \u2713<\/strong>\u00a0 Do\u011fru y\u00f6nlendirme ve m\u00fc\u015fteri memnuniyeti i\u00e7in e\u011fitim<\/h5>\n<h5><strong>\u00a0\u00a0\u00a0\u00a0\u00a0\u00a0\u00a0\u00a0 \u2713<\/strong>\u00a0 Single origin kahveler ve harmanlar aras\u0131ndaki farkl\u0131l\u0131klar<\/h5>\n<h5><strong>\u00a0\u00a0\u00a0\u00a0\u00a0\u00a0\u00a0\u00a0 \u2713<\/strong>\u00a0 Kahve \u00e7ekirdekleri aras\u0131ndaki farkl\u0131l\u0131klar<\/h5>\n<h5><strong><br \/>\nPersonel E\u011fitimi<\/strong><\/h5>\n<h5><strong>\u00a0\u00a0\u00a0\u00a0\u00a0\u00a0\u00a0\u00a0 \u2713<\/strong>\u00a0 Detayl\u0131 kahve anlat\u0131m\u0131<\/h5>\n<h5><strong>\u00a0\u00a0\u00a0\u00a0\u00a0\u00a0\u00a0\u00a0 \u2713<\/strong>\u00a0 Ekipman kullan\u0131m teknikleri<\/h5>\n<h5><strong>\u00a0\u00a0\u00a0\u00a0\u00a0\u00a0\u00a0\u00a0 \u2713<\/strong>\u00a0 M\u00fc\u015fterinin do\u011fru i\u00e7ece\u011fe y\u00f6nlendirilmesi<\/h5>\n<h5><strong>\u00a0\u00a0\u00a0\u00a0\u00a0\u00a0\u00a0\u00a0 \u2713<\/strong>\u00a0 M\u00fc\u015fteri memnuniyeti odakl\u0131 servis verilmesi<\/h5>\n<h5><span style=\"background-color: #ffde00;\"><strong><br \/>\nDANI\u015eMANLIK H\u0130ZMETLER\u0130<\/strong><\/span><\/h5>\n<h5><strong>\u00a0\u00a0\u00a0\u00a0\u00a0\u00a0\u00a0\u00a0 \u2713<\/strong>\u00a0 Makine Tedarik Hizmeti<\/h5>\n<h5><strong>\u00a0\u00a0\u00a0\u00a0\u00a0\u00a0\u00a0\u00a0 \u2713<\/strong>\u00a0 Demleme Ekipmanlar\u0131 Tedarik Hizmeti<\/h5>\n<h5><strong>\u00a0\u00a0\u00a0\u00a0\u00a0\u00a0\u00a0\u00a0 \u2713<\/strong>\u00a0 Petra Roasting Co. Kahve Tedarik Hizmeti<\/h5>\n<h5><strong>\u00a0\u00a0\u00a0\u00a0\u00a0\u00a0\u00a0\u00a0 \u2713<\/strong>\u00a0 Tam kapsaml\u0131 dan\u0131\u015fmanl\u0131k hizmeti ile A\u2019dan Z\u2019ye i\u015fletmenin sisteminin i\u015fler hale gelmesi<\/h5>\n<p>[\/vc_column_text]<\/div>[\/vc_column][vc_column width=&#8221;1\/6&#8243;][\/vc_column][\/vc_row]<\/p>\n<\/div>","protected":false},"excerpt":{"rendered":"<p>[vc_row][vc_column width=&#8221;1\/6&#8243;][\/vc_column][vc_column width=&#8221;2\/3&#8243;][\/vc_column][vc_column width=&#8221;1\/6&#8243;][\/vc_column][\/vc_row]<\/p>\n","protected":false},"author":1,"featured_media":777,"parent":0,"menu_order":0,"comment_status":"closed","ping_status":"closed","template":"","meta":{"inline_featured_image":false,"_locale":"tr_TR","_original_post":"21","footnotes":""},"class_list":["post-21","page","type-page","status-publish","has-post-thumbnail","hentry","tr-TR"],"yoast_head":"<!-- This site is optimized with the Yoast SEO plugin v26.9 - https:\/\/yoast.com\/product\/yoast-seo-wordpress\/ -->\n<title>KAHVE DANI\u015eMANLI\u011eI - HOTRAIN<\/title>\n<meta name=\"robots\" content=\"index, follow, max-snippet:-1, max-image-preview:large, max-video-preview:-1\" \/>\n<link rel=\"canonical\" href=\"https:\/\/www.hotrain.net\/tr\/kahve-danismanligi\/\" \/>\n<meta property=\"og:locale\" content=\"tr_TR\" \/>\n<meta property=\"og:type\" content=\"article\" \/>\n<meta property=\"og:title\" content=\"KAHVE DANI\u015eMANLI\u011eI - HOTRAIN\" \/>\n<meta property=\"og:description\" content=\"[vc_row][vc_column width=&#8221;1\/6&#8243;][\/vc_column][vc_column width=&#8221;2\/3&#8243;][\/vc_column][vc_column width=&#8221;1\/6&#8243;][\/vc_column][\/vc_row]\" \/>\n<meta property=\"og:url\" content=\"https:\/\/www.hotrain.net\/tr\/kahve-danismanligi\/\" \/>\n<meta property=\"og:site_name\" content=\"HOTRAIN\" \/>\n<meta property=\"article:publisher\" content=\"https:\/\/www.facebook.com\/hotraininternational\/\" \/>\n<meta property=\"article:modified_time\" content=\"2017-02-22T11:45:37+00:00\" \/>\n<meta property=\"og:image\" content=\"https:\/\/www.hotrain.net\/wp-content\/uploads\/2017\/01\/bg_image_10.jpg\" \/>\n\t<meta property=\"og:image:width\" content=\"1920\" \/>\n\t<meta property=\"og:image:height\" content=\"1200\" \/>\n\t<meta property=\"og:image:type\" content=\"image\/jpeg\" \/>\n<meta name=\"twitter:card\" content=\"summary_large_image\" \/>\n<meta name=\"twitter:label1\" content=\"Tahmini okuma s\u00fcresi\" \/>\n\t<meta name=\"twitter:data1\" content=\"2 dakika\" \/>\n<script type=\"application\/ld+json\" class=\"yoast-schema-graph\">{\"@context\":\"https:\/\/schema.org\",\"@graph\":[{\"@type\":\"WebPage\",\"@id\":\"https:\/\/www.hotrain.net\/tr\/kahve-danismanligi\/\",\"url\":\"https:\/\/www.hotrain.net\/tr\/kahve-danismanligi\/\",\"name\":\"KAHVE DANI\u015eMANLI\u011eI - HOTRAIN\",\"isPartOf\":{\"@id\":\"https:\/\/www.hotrain.net\/tr\/#website\"},\"primaryImageOfPage\":{\"@id\":\"https:\/\/www.hotrain.net\/tr\/kahve-danismanligi\/#primaryimage\"},\"image\":{\"@id\":\"https:\/\/www.hotrain.net\/tr\/kahve-danismanligi\/#primaryimage\"},\"thumbnailUrl\":\"https:\/\/www.hotrain.net\/wp-content\/uploads\/2017\/01\/bg_image_10.jpg\",\"datePublished\":\"2016-12-26T20:12:31+00:00\",\"dateModified\":\"2017-02-22T11:45:37+00:00\",\"breadcrumb\":{\"@id\":\"https:\/\/www.hotrain.net\/tr\/kahve-danismanligi\/#breadcrumb\"},\"inLanguage\":\"tr\",\"potentialAction\":[{\"@type\":\"ReadAction\",\"target\":[\"https:\/\/www.hotrain.net\/tr\/kahve-danismanligi\/\"]}]},{\"@type\":\"ImageObject\",\"inLanguage\":\"tr\",\"@id\":\"https:\/\/www.hotrain.net\/tr\/kahve-danismanligi\/#primaryimage\",\"url\":\"https:\/\/www.hotrain.net\/wp-content\/uploads\/2017\/01\/bg_image_10.jpg\",\"contentUrl\":\"https:\/\/www.hotrain.net\/wp-content\/uploads\/2017\/01\/bg_image_10.jpg\",\"width\":1920,\"height\":1200},{\"@type\":\"BreadcrumbList\",\"@id\":\"https:\/\/www.hotrain.net\/tr\/kahve-danismanligi\/#breadcrumb\",\"itemListElement\":[{\"@type\":\"ListItem\",\"position\":1,\"name\":\"Home\",\"item\":\"https:\/\/www.hotrain.net\/tr\/\"},{\"@type\":\"ListItem\",\"position\":2,\"name\":\"KAHVE DANI\u015eMANLI\u011eI\"}]},{\"@type\":\"WebSite\",\"@id\":\"https:\/\/www.hotrain.net\/tr\/#website\",\"url\":\"https:\/\/www.hotrain.net\/tr\/\",\"name\":\"HOTRAIN\",\"description\":\"\",\"potentialAction\":[{\"@type\":\"SearchAction\",\"target\":{\"@type\":\"EntryPoint\",\"urlTemplate\":\"https:\/\/www.hotrain.net\/tr\/?s={search_term_string}\"},\"query-input\":{\"@type\":\"PropertyValueSpecification\",\"valueRequired\":true,\"valueName\":\"search_term_string\"}}],\"inLanguage\":\"tr\"}]}<\/script>\n<!-- \/ Yoast SEO plugin. -->","yoast_head_json":{"title":"KAHVE DANI\u015eMANLI\u011eI - HOTRAIN","robots":{"index":"index","follow":"follow","max-snippet":"max-snippet:-1","max-image-preview":"max-image-preview:large","max-video-preview":"max-video-preview:-1"},"canonical":"https:\/\/www.hotrain.net\/tr\/kahve-danismanligi\/","og_locale":"tr_TR","og_type":"article","og_title":"KAHVE DANI\u015eMANLI\u011eI - HOTRAIN","og_description":"[vc_row][vc_column width=&#8221;1\/6&#8243;][\/vc_column][vc_column width=&#8221;2\/3&#8243;][\/vc_column][vc_column width=&#8221;1\/6&#8243;][\/vc_column][\/vc_row]","og_url":"https:\/\/www.hotrain.net\/tr\/kahve-danismanligi\/","og_site_name":"HOTRAIN","article_publisher":"https:\/\/www.facebook.com\/hotraininternational\/","article_modified_time":"2017-02-22T11:45:37+00:00","og_image":[{"width":1920,"height":1200,"url":"https:\/\/www.hotrain.net\/wp-content\/uploads\/2017\/01\/bg_image_10.jpg","type":"image\/jpeg"}],"twitter_card":"summary_large_image","twitter_misc":{"Tahmini okuma s\u00fcresi":"2 dakika"},"schema":{"@context":"https:\/\/schema.org","@graph":[{"@type":"WebPage","@id":"https:\/\/www.hotrain.net\/tr\/kahve-danismanligi\/","url":"https:\/\/www.hotrain.net\/tr\/kahve-danismanligi\/","name":"KAHVE DANI\u015eMANLI\u011eI - HOTRAIN","isPartOf":{"@id":"https:\/\/www.hotrain.net\/tr\/#website"},"primaryImageOfPage":{"@id":"https:\/\/www.hotrain.net\/tr\/kahve-danismanligi\/#primaryimage"},"image":{"@id":"https:\/\/www.hotrain.net\/tr\/kahve-danismanligi\/#primaryimage"},"thumbnailUrl":"https:\/\/www.hotrain.net\/wp-content\/uploads\/2017\/01\/bg_image_10.jpg","datePublished":"2016-12-26T20:12:31+00:00","dateModified":"2017-02-22T11:45:37+00:00","breadcrumb":{"@id":"https:\/\/www.hotrain.net\/tr\/kahve-danismanligi\/#breadcrumb"},"inLanguage":"tr","potentialAction":[{"@type":"ReadAction","target":["https:\/\/www.hotrain.net\/tr\/kahve-danismanligi\/"]}]},{"@type":"ImageObject","inLanguage":"tr","@id":"https:\/\/www.hotrain.net\/tr\/kahve-danismanligi\/#primaryimage","url":"https:\/\/www.hotrain.net\/wp-content\/uploads\/2017\/01\/bg_image_10.jpg","contentUrl":"https:\/\/www.hotrain.net\/wp-content\/uploads\/2017\/01\/bg_image_10.jpg","width":1920,"height":1200},{"@type":"BreadcrumbList","@id":"https:\/\/www.hotrain.net\/tr\/kahve-danismanligi\/#breadcrumb","itemListElement":[{"@type":"ListItem","position":1,"name":"Home","item":"https:\/\/www.hotrain.net\/tr\/"},{"@type":"ListItem","position":2,"name":"KAHVE DANI\u015eMANLI\u011eI"}]},{"@type":"WebSite","@id":"https:\/\/www.hotrain.net\/tr\/#website","url":"https:\/\/www.hotrain.net\/tr\/","name":"HOTRAIN","description":"","potentialAction":[{"@type":"SearchAction","target":{"@type":"EntryPoint","urlTemplate":"https:\/\/www.hotrain.net\/tr\/?s={search_term_string}"},"query-input":{"@type":"PropertyValueSpecification","valueRequired":true,"valueName":"search_term_string"}}],"inLanguage":"tr"}]}},"_links":{"self":[{"href":"https:\/\/www.hotrain.net\/wp-json\/wp\/v2\/pages\/21","targetHints":{"allow":["GET"]}}],"collection":[{"href":"https:\/\/www.hotrain.net\/wp-json\/wp\/v2\/pages"}],"about":[{"href":"https:\/\/www.hotrain.net\/wp-json\/wp\/v2\/types\/page"}],"author":[{"embeddable":true,"href":"https:\/\/www.hotrain.net\/wp-json\/wp\/v2\/users\/1"}],"replies":[{"embeddable":true,"href":"https:\/\/www.hotrain.net\/wp-json\/wp\/v2\/comments?post=21"}],"version-history":[{"count":10,"href":"https:\/\/www.hotrain.net\/wp-json\/wp\/v2\/pages\/21\/revisions"}],"predecessor-version":[{"id":854,"href":"https:\/\/www.hotrain.net\/wp-json\/wp\/v2\/pages\/21\/revisions\/854"}],"wp:featuredmedia":[{"embeddable":true,"href":"https:\/\/www.hotrain.net\/wp-json\/wp\/v2\/media\/777"}],"wp:attachment":[{"href":"https:\/\/www.hotrain.net\/wp-json\/wp\/v2\/media?parent=21"}],"curies":[{"name":"wp","href":"https:\/\/api.w.org\/{rel}","templated":true}]}}