{"id":17,"date":"2016-12-26T23:11:30","date_gmt":"2016-12-26T20:11:30","guid":{"rendered":"http:\/\/paternika.com\/hotrain\/?page_id=17"},"modified":"2018-12-03T17:32:28","modified_gmt":"2018-12-03T14:32:28","slug":"restoran-danismanligi","status":"publish","type":"page","link":"https:\/\/www.hotrain.net\/tr\/restoran-danismanligi\/","title":{"rendered":"RESTORAN DANI\u015eMANLI\u011eI"},"content":{"rendered":"<div class=\"wpb-content-wrapper\"><p>[vc_row][vc_column width=&#8221;1\/6&#8243;][\/vc_column][vc_column width=&#8221;2\/3&#8243;]<div data-enable_animator='' class='wpb_animate_when_almost_visible gambit-css-animation fade-in ' style='-webkit-animation-duration: 2.5s;-moz-animation-duration: 2.5s;-ms-animation-duration: 2.5s;-o-animation-duration: 2.5s;animation-duration: 2.5s;opacity: 0;-webkit-animation-delay: 0.1s;-moz-animation-delay: 0.1s;-ms-animation-delay: 0.1s;-o-animation-delay: 0.1s;animation-delay: 0.1s'>[vc_column_text css_animation=&#8221;slideInUp&#8221;]<\/p>\n<h5>Restoranlar\u0131n ve caf\u00e9lerin kurulu\u015fundan, konseptinin geli\u015ftirilmesine, \u00fcr\u00fcn inovasyonuna, \u00e7al\u0131\u015fanlar\u0131n m\u00fclakat s\u00fcre\u00e7lerinden, e\u011fitimine kadar t\u00fcm s\u00fcre\u00e7lerde bir \u00e7\u00f6z\u00fcm orta\u011f\u0131 gibi i\u015fletmelerle \u00e7al\u0131\u015fmaktay\u0131z.<\/h5>\n<h5>Pazarlamadan saha operasyonuna, ba\u011f\u0131ms\u0131z konseptlerin hayata ge\u00e7irilmesinden misafir ile yarat\u0131lan markan\u0131n duygusal ba\u011f\u0131n\u0131n kurgusuna kadar olan konularda hizmet vermekteyiz.<\/h5>\n<h5><span style=\"background-color: #ffde00;\"><strong><br \/>\nSTRATEJ\u0130K DANI\u015eMANLIK<\/strong><\/span><\/h5>\n<h5>\u015eirket kurulumlar\u0131 ve i\u015f plan\u0131, yeni pazara giri\u015f, yiyecek ve i\u00e7ecek tedarik\u00e7ileri ile ba\u011flant\u0131lar ve i\u015finizi b\u00fcy\u00fctmenizi sa\u011flayacak potansiyel yat\u0131r\u0131mc\u0131lar, perakendeciler, i\u015f geli\u015ftiriciler ile tan\u0131\u015fma konusunda dan\u0131\u015fmanl\u0131k vermekteyiz.<\/h5>\n<h5><strong>Stratejik dan\u0131\u015fmanl\u0131k hizmetlerimiz;<\/strong><\/h5>\n<h5><strong>\u00a0\u00a0\u00a0\u00a0\u00a0 \u00a0\u00a0 \u2713<\/strong>\u00a0 Konsept \u00f6nerisi ve i\u015f planlama<\/h5>\n<h5><strong>\u00a0\u00a0\u00a0\u00a0\u00a0 \u00a0\u00a0 \u2713<\/strong>\u00a0 Konsept yaratma ve fikir geli\u015ftirme<\/h5>\n<h5><strong>\u00a0\u00a0\u00a0\u00a0\u00a0 \u00a0\u00a0 \u2713<\/strong>\u00a0 Tasar\u0131m, marka, men\u00fc, ileti\u015fim stratejisi<\/h5>\n<h5><strong>\u00a0\u00a0\u00a0 \u00a0\u00a0\u00a0\u00a0 \u2713<\/strong>\u00a0 Yat\u0131r\u0131m \/ Ortakl\u0131k<\/h5>\n<h5><span style=\"background-color: #ffde00;\"><strong><br \/>\nSAHA UYGULAMASI<\/strong><\/span><\/h5>\n<h5>Yiyecek ve i\u00e7ecek markalar\u0131n\u0131n, g\u0131da \u00fcretim tesislerinin tasarlanmas\u0131 ve in\u015fas\u0131nda anahtar teslim projelerde, global markalar\u0131n lokal uyarlamalar\u0131nda, emlak \u00f6nerilerinde, \u00fcretim verimlili\u011fi iyile\u015ftirmede, maliyet azaltma ve kalite ve g\u0131da g\u00fcvenli\u011fi konusunda anahtar teslim projelerde dan\u0131\u015fmanl\u0131k vermekteyiz.<\/h5>\n<h5><strong>Saha uygulamas\u0131 hizmetlerimiz;<\/strong><\/h5>\n<h5><strong>\u00a0\u00a0\u00a0\u00a0\u00a0 \u00a0\u00a0 \u2713<\/strong>\u00a0 Lokasyon belirlenmesi<\/h5>\n<h5><strong>\u00a0\u00a0\u00a0\u00a0\u00a0 \u00a0\u00a0 \u2713<\/strong>\u00a0 Kira m\u00fczakereleri \/ Hukuki konular<\/h5>\n<h5><strong>\u00a0\u00a0\u00a0\u00a0\u00a0\u00a0 \u00a0 \u2713<\/strong>\u00a0 Saha \u0130n\u015fas\u0131<\/h5>\n<h5><strong>\u00a0\u00a0\u00a0\u00a0\u00a0\u00a0 \u00a0 \u2713<\/strong>\u00a0 Ekipman \/ Tedarik\u00e7iler<\/h5>\n<h5><strong>\u00a0\u00a0\u00a0\u00a0 \u00a0 \u00a0 \u2713<\/strong>\u00a0 Pazar sunumu \/ Bir sonraki lokasyonlar\u0131n belirlenmesi<\/h5>\n<h5><span style=\"background-color: #ffde00;\"><strong><br \/>\nMARKA ORTAKLI\u011eI VE PAZARA G\u0130R\u0130\u015e<\/strong><\/span><\/h5>\n<h5>Yerel ve global markalar i\u00e7in lisans, yat\u0131r\u0131m ve emlak dan\u0131\u015fmanl\u0131\u011f\u0131 vererek, yiyecek ve i\u00e7ecek sekt\u00f6r\u00fcnde kendi ba\u015far\u0131 hikayelerini yazmalar\u0131 i\u00e7in giri\u015fimcilere yard\u0131mc\u0131 olarak i\u015fletmelerini geni\u015fletiyoruz.<\/h5>\n<h5><strong>Sat\u0131n alma anla\u015fmalar\u0131, hedefe y\u00f6nelik ara\u015ft\u0131rmalar, de\u011ferleme ve \u015firket birle\u015fmelerinin yan\u0131s\u0131ra verdi\u011fimiz hizmetlerimiz;<\/strong><\/h5>\n<h5><strong>\u00a0\u00a0\u00a0 \u00a0 \u00a0\u00a0 \u2713<\/strong>\u00a0 Yabanc\u0131 markalar\u0131n T\u00fcrkiye pazar\u0131na tan\u0131t\u0131lmas\u0131<\/h5>\n<h5><strong>\u00a0\u00a0\u00a0 \u00a0\u00a0\u00a0\u00a0 \u2713<\/strong>\u00a0 T\u00fcrk markalar\u0131 i\u00e7in uluslararas\u0131 alanda b\u00fcy\u00fcme<\/h5>\n<h5><strong>\u00a0\u00a0\u00a0\u00a0 \u00a0 \u00a0 \u2713<\/strong>\u00a0 Fizibilite \u00e7al\u0131\u015fmalar\u0131<\/h5>\n<h5><strong>\u00a0\u00a0 \u00a0\u00a0\u00a0\u00a0\u00a0 \u2713<\/strong>\u00a0 Lokasyon planlama<\/h5>\n<h5><strong>\u00a0\u00a0\u00a0\u00a0\u00a0 \u00a0\u00a0 \u2713<\/strong>\u00a0 Pazara giri\u015f stratejileri<\/h5>\n<h5><strong>\u00a0\u00a0\u00a0\u00a0\u00a0 \u00a0\u00a0 \u2713<\/strong>\u00a0 Ortakl\u0131klar<\/h5>\n<h5><strong>\u00a0\u00a0\u00a0 \u00a0\u00a0 \u00a0 \u2713<\/strong>\u00a0 Yat\u0131r\u0131m<\/h5>\n<h5><strong>\u00a0 \u00a0\u00a0 \u00a0\u00a0\u00a0 \u2713<\/strong>\u00a0 Franchising<\/h5>\n<h5><strong>\u00a0\u00a0 \u00a0\u00a0 \u00a0\u00a0 \u2713<\/strong>\u00a0 Yerel pazar ara\u015ft\u0131rmas\u0131<\/h5>\n<p>[\/vc_column_text]<\/div>[\/vc_column][vc_column width=&#8221;1\/6&#8243;][\/vc_column][\/vc_row]<\/p>\n<\/div>","protected":false},"excerpt":{"rendered":"<p>[vc_row][vc_column width=&#8221;1\/6&#8243;][\/vc_column][vc_column width=&#8221;2\/3&#8243;][\/vc_column][vc_column width=&#8221;1\/6&#8243;][\/vc_column][\/vc_row]<\/p>\n","protected":false},"author":1,"featured_media":844,"parent":0,"menu_order":0,"comment_status":"closed","ping_status":"closed","template":"","meta":{"inline_featured_image":false,"_locale":"tr_TR","_original_post":"17","footnotes":""},"class_list":["post-17","page","type-page","status-publish","has-post-thumbnail","hentry","tr-TR"],"yoast_head":"<!-- This site is optimized with the Yoast SEO plugin v26.9 - https:\/\/yoast.com\/product\/yoast-seo-wordpress\/ -->\n<title>RESTORAN DANI\u015eMANLI\u011eI - HOTRAIN<\/title>\n<meta name=\"robots\" content=\"index, follow, max-snippet:-1, max-image-preview:large, max-video-preview:-1\" \/>\n<link rel=\"canonical\" href=\"https:\/\/www.hotrain.net\/tr\/restoran-danismanligi\/\" \/>\n<meta property=\"og:locale\" content=\"tr_TR\" \/>\n<meta property=\"og:type\" content=\"article\" \/>\n<meta property=\"og:title\" content=\"RESTORAN DANI\u015eMANLI\u011eI - HOTRAIN\" \/>\n<meta property=\"og:description\" content=\"[vc_row][vc_column width=&#8221;1\/6&#8243;][\/vc_column][vc_column width=&#8221;2\/3&#8243;][\/vc_column][vc_column width=&#8221;1\/6&#8243;][\/vc_column][\/vc_row]\" \/>\n<meta property=\"og:url\" content=\"https:\/\/www.hotrain.net\/tr\/restoran-danismanligi\/\" \/>\n<meta property=\"og:site_name\" content=\"HOTRAIN\" \/>\n<meta property=\"article:publisher\" content=\"https:\/\/www.facebook.com\/hotraininternational\/\" \/>\n<meta property=\"article:modified_time\" content=\"2018-12-03T14:32:28+00:00\" \/>\n<meta property=\"og:image\" content=\"https:\/\/www.hotrain.net\/wp-content\/uploads\/2016\/12\/bg_image_7.jpg\" \/>\n\t<meta property=\"og:image:width\" content=\"1920\" \/>\n\t<meta property=\"og:image:height\" content=\"1200\" \/>\n\t<meta property=\"og:image:type\" content=\"image\/jpeg\" \/>\n<meta name=\"twitter:card\" content=\"summary_large_image\" \/>\n<meta name=\"twitter:label1\" content=\"Tahmini okuma s\u00fcresi\" \/>\n\t<meta name=\"twitter:data1\" content=\"2 dakika\" \/>\n<script type=\"application\/ld+json\" class=\"yoast-schema-graph\">{\"@context\":\"https:\/\/schema.org\",\"@graph\":[{\"@type\":\"WebPage\",\"@id\":\"https:\/\/www.hotrain.net\/tr\/restoran-danismanligi\/\",\"url\":\"https:\/\/www.hotrain.net\/tr\/restoran-danismanligi\/\",\"name\":\"RESTORAN DANI\u015eMANLI\u011eI - HOTRAIN\",\"isPartOf\":{\"@id\":\"https:\/\/www.hotrain.net\/tr\/#website\"},\"primaryImageOfPage\":{\"@id\":\"https:\/\/www.hotrain.net\/tr\/restoran-danismanligi\/#primaryimage\"},\"image\":{\"@id\":\"https:\/\/www.hotrain.net\/tr\/restoran-danismanligi\/#primaryimage\"},\"thumbnailUrl\":\"https:\/\/www.hotrain.net\/wp-content\/uploads\/2016\/12\/bg_image_7.jpg\",\"datePublished\":\"2016-12-26T20:11:30+00:00\",\"dateModified\":\"2018-12-03T14:32:28+00:00\",\"breadcrumb\":{\"@id\":\"https:\/\/www.hotrain.net\/tr\/restoran-danismanligi\/#breadcrumb\"},\"inLanguage\":\"tr\",\"potentialAction\":[{\"@type\":\"ReadAction\",\"target\":[\"https:\/\/www.hotrain.net\/tr\/restoran-danismanligi\/\"]}]},{\"@type\":\"ImageObject\",\"inLanguage\":\"tr\",\"@id\":\"https:\/\/www.hotrain.net\/tr\/restoran-danismanligi\/#primaryimage\",\"url\":\"https:\/\/www.hotrain.net\/wp-content\/uploads\/2016\/12\/bg_image_7.jpg\",\"contentUrl\":\"https:\/\/www.hotrain.net\/wp-content\/uploads\/2016\/12\/bg_image_7.jpg\",\"width\":1920,\"height\":1200},{\"@type\":\"BreadcrumbList\",\"@id\":\"https:\/\/www.hotrain.net\/tr\/restoran-danismanligi\/#breadcrumb\",\"itemListElement\":[{\"@type\":\"ListItem\",\"position\":1,\"name\":\"Home\",\"item\":\"https:\/\/www.hotrain.net\/tr\/\"},{\"@type\":\"ListItem\",\"position\":2,\"name\":\"RESTORAN DANI\u015eMANLI\u011eI\"}]},{\"@type\":\"WebSite\",\"@id\":\"https:\/\/www.hotrain.net\/tr\/#website\",\"url\":\"https:\/\/www.hotrain.net\/tr\/\",\"name\":\"HOTRAIN\",\"description\":\"\",\"potentialAction\":[{\"@type\":\"SearchAction\",\"target\":{\"@type\":\"EntryPoint\",\"urlTemplate\":\"https:\/\/www.hotrain.net\/tr\/?s={search_term_string}\"},\"query-input\":{\"@type\":\"PropertyValueSpecification\",\"valueRequired\":true,\"valueName\":\"search_term_string\"}}],\"inLanguage\":\"tr\"}]}<\/script>\n<!-- \/ Yoast SEO plugin. -->","yoast_head_json":{"title":"RESTORAN DANI\u015eMANLI\u011eI - HOTRAIN","robots":{"index":"index","follow":"follow","max-snippet":"max-snippet:-1","max-image-preview":"max-image-preview:large","max-video-preview":"max-video-preview:-1"},"canonical":"https:\/\/www.hotrain.net\/tr\/restoran-danismanligi\/","og_locale":"tr_TR","og_type":"article","og_title":"RESTORAN DANI\u015eMANLI\u011eI - HOTRAIN","og_description":"[vc_row][vc_column width=&#8221;1\/6&#8243;][\/vc_column][vc_column width=&#8221;2\/3&#8243;][\/vc_column][vc_column width=&#8221;1\/6&#8243;][\/vc_column][\/vc_row]","og_url":"https:\/\/www.hotrain.net\/tr\/restoran-danismanligi\/","og_site_name":"HOTRAIN","article_publisher":"https:\/\/www.facebook.com\/hotraininternational\/","article_modified_time":"2018-12-03T14:32:28+00:00","og_image":[{"width":1920,"height":1200,"url":"https:\/\/www.hotrain.net\/wp-content\/uploads\/2016\/12\/bg_image_7.jpg","type":"image\/jpeg"}],"twitter_card":"summary_large_image","twitter_misc":{"Tahmini okuma s\u00fcresi":"2 dakika"},"schema":{"@context":"https:\/\/schema.org","@graph":[{"@type":"WebPage","@id":"https:\/\/www.hotrain.net\/tr\/restoran-danismanligi\/","url":"https:\/\/www.hotrain.net\/tr\/restoran-danismanligi\/","name":"RESTORAN DANI\u015eMANLI\u011eI - HOTRAIN","isPartOf":{"@id":"https:\/\/www.hotrain.net\/tr\/#website"},"primaryImageOfPage":{"@id":"https:\/\/www.hotrain.net\/tr\/restoran-danismanligi\/#primaryimage"},"image":{"@id":"https:\/\/www.hotrain.net\/tr\/restoran-danismanligi\/#primaryimage"},"thumbnailUrl":"https:\/\/www.hotrain.net\/wp-content\/uploads\/2016\/12\/bg_image_7.jpg","datePublished":"2016-12-26T20:11:30+00:00","dateModified":"2018-12-03T14:32:28+00:00","breadcrumb":{"@id":"https:\/\/www.hotrain.net\/tr\/restoran-danismanligi\/#breadcrumb"},"inLanguage":"tr","potentialAction":[{"@type":"ReadAction","target":["https:\/\/www.hotrain.net\/tr\/restoran-danismanligi\/"]}]},{"@type":"ImageObject","inLanguage":"tr","@id":"https:\/\/www.hotrain.net\/tr\/restoran-danismanligi\/#primaryimage","url":"https:\/\/www.hotrain.net\/wp-content\/uploads\/2016\/12\/bg_image_7.jpg","contentUrl":"https:\/\/www.hotrain.net\/wp-content\/uploads\/2016\/12\/bg_image_7.jpg","width":1920,"height":1200},{"@type":"BreadcrumbList","@id":"https:\/\/www.hotrain.net\/tr\/restoran-danismanligi\/#breadcrumb","itemListElement":[{"@type":"ListItem","position":1,"name":"Home","item":"https:\/\/www.hotrain.net\/tr\/"},{"@type":"ListItem","position":2,"name":"RESTORAN DANI\u015eMANLI\u011eI"}]},{"@type":"WebSite","@id":"https:\/\/www.hotrain.net\/tr\/#website","url":"https:\/\/www.hotrain.net\/tr\/","name":"HOTRAIN","description":"","potentialAction":[{"@type":"SearchAction","target":{"@type":"EntryPoint","urlTemplate":"https:\/\/www.hotrain.net\/tr\/?s={search_term_string}"},"query-input":{"@type":"PropertyValueSpecification","valueRequired":true,"valueName":"search_term_string"}}],"inLanguage":"tr"}]}},"_links":{"self":[{"href":"https:\/\/www.hotrain.net\/wp-json\/wp\/v2\/pages\/17","targetHints":{"allow":["GET"]}}],"collection":[{"href":"https:\/\/www.hotrain.net\/wp-json\/wp\/v2\/pages"}],"about":[{"href":"https:\/\/www.hotrain.net\/wp-json\/wp\/v2\/types\/page"}],"author":[{"embeddable":true,"href":"https:\/\/www.hotrain.net\/wp-json\/wp\/v2\/users\/1"}],"replies":[{"embeddable":true,"href":"https:\/\/www.hotrain.net\/wp-json\/wp\/v2\/comments?post=17"}],"version-history":[{"count":34,"href":"https:\/\/www.hotrain.net\/wp-json\/wp\/v2\/pages\/17\/revisions"}],"predecessor-version":[{"id":893,"href":"https:\/\/www.hotrain.net\/wp-json\/wp\/v2\/pages\/17\/revisions\/893"}],"wp:featuredmedia":[{"embeddable":true,"href":"https:\/\/www.hotrain.net\/wp-json\/wp\/v2\/media\/844"}],"wp:attachment":[{"href":"https:\/\/www.hotrain.net\/wp-json\/wp\/v2\/media?parent=17"}],"curies":[{"name":"wp","href":"https:\/\/api.w.org\/{rel}","templated":true}]}}