{"id":15,"date":"2016-12-26T23:06:02","date_gmt":"2016-12-26T23:06:02","guid":{"rendered":"http:\/\/paternika.com\/hotrain\/?page_id=15"},"modified":"2017-01-12T00:21:40","modified_gmt":"2017-01-11T21:21:40","slug":"egitim-tiyatrosu","status":"publish","type":"page","link":"https:\/\/www.hotrain.net\/tr\/egitim-tiyatrosu\/","title":{"rendered":"E\u011e\u0130T\u0130M T\u0130YATROSU"},"content":{"rendered":"<div class=\"wpb-content-wrapper\"><p>[vc_row][vc_column width=&#8221;1\/6&#8243;][\/vc_column][vc_column width=&#8221;2\/3&#8243;]<div data-enable_animator='' class='wpb_animate_when_almost_visible gambit-css-animation fade-in ' style='-webkit-animation-duration: 2.5s;-moz-animation-duration: 2.5s;-ms-animation-duration: 2.5s;-o-animation-duration: 2.5s;animation-duration: 2.5s;opacity: 0;-webkit-animation-delay: 0.1s;-moz-animation-delay: 0.1s;-ms-animation-delay: 0.1s;-o-animation-delay: 0.1s;animation-delay: 0.1s'>[vc_column_text css_animation=&#8221;slideInUp&#8221;]<\/p>\n<h5>E\u011fitimlerimiz s\u0131ras\u0131nda canland\u0131rmalar\u0131 profesyonel bir ekip ile sizlere dilerseniz tiyatro veya kabare olarak sunmaktay\u0131z.<\/h5>\n<h5>Bu ilgin\u00e7 teknik ile i\u015fletmenizin \u00e7al\u0131\u015fanlar\u0131na sunmak istedi\u011fi mesajlar\u0131 iletmekte, ayn\u0131 zamanda da kat\u0131l\u0131mc\u0131lara unutamayacaklar\u0131 bir deneyim ile bu mesajlar\u0131 i\u00e7selle\u015ftirmelerini sa\u011flamaktay\u0131z.<\/h5>\n<p>[\/vc_column_text]<\/div>[\/vc_column][vc_column width=&#8221;1\/6&#8243;][\/vc_column][\/vc_row]<\/p>\n<\/div>","protected":false},"excerpt":{"rendered":"<p>[vc_row][vc_column width=&#8221;1\/6&#8243;][\/vc_column][vc_column width=&#8221;2\/3&#8243;][\/vc_column][vc_column width=&#8221;1\/6&#8243;][\/vc_column][\/vc_row]<\/p>\n","protected":false},"author":1,"featured_media":651,"parent":0,"menu_order":0,"comment_status":"closed","ping_status":"closed","template":"","meta":{"inline_featured_image":false,"_locale":"tr_TR","_original_post":"15","footnotes":""},"class_list":["post-15","page","type-page","status-publish","has-post-thumbnail","hentry","tr-TR"],"yoast_head":"<!-- This site is optimized with the Yoast SEO plugin v26.9 - https:\/\/yoast.com\/product\/yoast-seo-wordpress\/ -->\n<title>E\u011e\u0130T\u0130M T\u0130YATROSU - HOTRAIN<\/title>\n<meta name=\"robots\" content=\"index, follow, max-snippet:-1, max-image-preview:large, max-video-preview:-1\" \/>\n<link rel=\"canonical\" href=\"https:\/\/www.hotrain.net\/tr\/egitim-tiyatrosu\/\" \/>\n<meta property=\"og:locale\" content=\"tr_TR\" \/>\n<meta property=\"og:type\" content=\"article\" \/>\n<meta property=\"og:title\" content=\"E\u011e\u0130T\u0130M T\u0130YATROSU - HOTRAIN\" \/>\n<meta property=\"og:description\" content=\"[vc_row][vc_column width=&#8221;1\/6&#8243;][\/vc_column][vc_column width=&#8221;2\/3&#8243;][\/vc_column][vc_column width=&#8221;1\/6&#8243;][\/vc_column][\/vc_row]\" \/>\n<meta property=\"og:url\" content=\"https:\/\/www.hotrain.net\/tr\/egitim-tiyatrosu\/\" \/>\n<meta property=\"og:site_name\" content=\"HOTRAIN\" \/>\n<meta property=\"article:publisher\" content=\"https:\/\/www.facebook.com\/hotraininternational\/\" \/>\n<meta property=\"article:modified_time\" content=\"2017-01-11T21:21:40+00:00\" \/>\n<meta property=\"og:image\" content=\"https:\/\/www.hotrain.net\/wp-content\/uploads\/2016\/12\/bg_image_3.jpg\" \/>\n\t<meta property=\"og:image:width\" content=\"1920\" \/>\n\t<meta property=\"og:image:height\" content=\"1200\" \/>\n\t<meta property=\"og:image:type\" content=\"image\/jpeg\" \/>\n<meta name=\"twitter:card\" content=\"summary_large_image\" \/>\n<script type=\"application\/ld+json\" class=\"yoast-schema-graph\">{\"@context\":\"https:\/\/schema.org\",\"@graph\":[{\"@type\":\"WebPage\",\"@id\":\"https:\/\/www.hotrain.net\/tr\/egitim-tiyatrosu\/\",\"url\":\"https:\/\/www.hotrain.net\/tr\/egitim-tiyatrosu\/\",\"name\":\"E\u011e\u0130T\u0130M T\u0130YATROSU - HOTRAIN\",\"isPartOf\":{\"@id\":\"https:\/\/www.hotrain.net\/tr\/#website\"},\"primaryImageOfPage\":{\"@id\":\"https:\/\/www.hotrain.net\/tr\/egitim-tiyatrosu\/#primaryimage\"},\"image\":{\"@id\":\"https:\/\/www.hotrain.net\/tr\/egitim-tiyatrosu\/#primaryimage\"},\"thumbnailUrl\":\"https:\/\/www.hotrain.net\/wp-content\/uploads\/2016\/12\/bg_image_3.jpg\",\"datePublished\":\"2016-12-26T23:06:02+00:00\",\"dateModified\":\"2017-01-11T21:21:40+00:00\",\"breadcrumb\":{\"@id\":\"https:\/\/www.hotrain.net\/tr\/egitim-tiyatrosu\/#breadcrumb\"},\"inLanguage\":\"tr\",\"potentialAction\":[{\"@type\":\"ReadAction\",\"target\":[\"https:\/\/www.hotrain.net\/tr\/egitim-tiyatrosu\/\"]}]},{\"@type\":\"ImageObject\",\"inLanguage\":\"tr\",\"@id\":\"https:\/\/www.hotrain.net\/tr\/egitim-tiyatrosu\/#primaryimage\",\"url\":\"https:\/\/www.hotrain.net\/wp-content\/uploads\/2016\/12\/bg_image_3.jpg\",\"contentUrl\":\"https:\/\/www.hotrain.net\/wp-content\/uploads\/2016\/12\/bg_image_3.jpg\",\"width\":1920,\"height\":1200},{\"@type\":\"BreadcrumbList\",\"@id\":\"https:\/\/www.hotrain.net\/tr\/egitim-tiyatrosu\/#breadcrumb\",\"itemListElement\":[{\"@type\":\"ListItem\",\"position\":1,\"name\":\"Home\",\"item\":\"https:\/\/www.hotrain.net\/tr\/\"},{\"@type\":\"ListItem\",\"position\":2,\"name\":\"E\u011e\u0130T\u0130M T\u0130YATROSU\"}]},{\"@type\":\"WebSite\",\"@id\":\"https:\/\/www.hotrain.net\/tr\/#website\",\"url\":\"https:\/\/www.hotrain.net\/tr\/\",\"name\":\"HOTRAIN\",\"description\":\"\",\"potentialAction\":[{\"@type\":\"SearchAction\",\"target\":{\"@type\":\"EntryPoint\",\"urlTemplate\":\"https:\/\/www.hotrain.net\/tr\/?s={search_term_string}\"},\"query-input\":{\"@type\":\"PropertyValueSpecification\",\"valueRequired\":true,\"valueName\":\"search_term_string\"}}],\"inLanguage\":\"tr\"}]}<\/script>\n<!-- \/ Yoast SEO plugin. -->","yoast_head_json":{"title":"E\u011e\u0130T\u0130M T\u0130YATROSU - HOTRAIN","robots":{"index":"index","follow":"follow","max-snippet":"max-snippet:-1","max-image-preview":"max-image-preview:large","max-video-preview":"max-video-preview:-1"},"canonical":"https:\/\/www.hotrain.net\/tr\/egitim-tiyatrosu\/","og_locale":"tr_TR","og_type":"article","og_title":"E\u011e\u0130T\u0130M T\u0130YATROSU - HOTRAIN","og_description":"[vc_row][vc_column width=&#8221;1\/6&#8243;][\/vc_column][vc_column width=&#8221;2\/3&#8243;][\/vc_column][vc_column width=&#8221;1\/6&#8243;][\/vc_column][\/vc_row]","og_url":"https:\/\/www.hotrain.net\/tr\/egitim-tiyatrosu\/","og_site_name":"HOTRAIN","article_publisher":"https:\/\/www.facebook.com\/hotraininternational\/","article_modified_time":"2017-01-11T21:21:40+00:00","og_image":[{"width":1920,"height":1200,"url":"https:\/\/www.hotrain.net\/wp-content\/uploads\/2016\/12\/bg_image_3.jpg","type":"image\/jpeg"}],"twitter_card":"summary_large_image","schema":{"@context":"https:\/\/schema.org","@graph":[{"@type":"WebPage","@id":"https:\/\/www.hotrain.net\/tr\/egitim-tiyatrosu\/","url":"https:\/\/www.hotrain.net\/tr\/egitim-tiyatrosu\/","name":"E\u011e\u0130T\u0130M T\u0130YATROSU - HOTRAIN","isPartOf":{"@id":"https:\/\/www.hotrain.net\/tr\/#website"},"primaryImageOfPage":{"@id":"https:\/\/www.hotrain.net\/tr\/egitim-tiyatrosu\/#primaryimage"},"image":{"@id":"https:\/\/www.hotrain.net\/tr\/egitim-tiyatrosu\/#primaryimage"},"thumbnailUrl":"https:\/\/www.hotrain.net\/wp-content\/uploads\/2016\/12\/bg_image_3.jpg","datePublished":"2016-12-26T23:06:02+00:00","dateModified":"2017-01-11T21:21:40+00:00","breadcrumb":{"@id":"https:\/\/www.hotrain.net\/tr\/egitim-tiyatrosu\/#breadcrumb"},"inLanguage":"tr","potentialAction":[{"@type":"ReadAction","target":["https:\/\/www.hotrain.net\/tr\/egitim-tiyatrosu\/"]}]},{"@type":"ImageObject","inLanguage":"tr","@id":"https:\/\/www.hotrain.net\/tr\/egitim-tiyatrosu\/#primaryimage","url":"https:\/\/www.hotrain.net\/wp-content\/uploads\/2016\/12\/bg_image_3.jpg","contentUrl":"https:\/\/www.hotrain.net\/wp-content\/uploads\/2016\/12\/bg_image_3.jpg","width":1920,"height":1200},{"@type":"BreadcrumbList","@id":"https:\/\/www.hotrain.net\/tr\/egitim-tiyatrosu\/#breadcrumb","itemListElement":[{"@type":"ListItem","position":1,"name":"Home","item":"https:\/\/www.hotrain.net\/tr\/"},{"@type":"ListItem","position":2,"name":"E\u011e\u0130T\u0130M T\u0130YATROSU"}]},{"@type":"WebSite","@id":"https:\/\/www.hotrain.net\/tr\/#website","url":"https:\/\/www.hotrain.net\/tr\/","name":"HOTRAIN","description":"","potentialAction":[{"@type":"SearchAction","target":{"@type":"EntryPoint","urlTemplate":"https:\/\/www.hotrain.net\/tr\/?s={search_term_string}"},"query-input":{"@type":"PropertyValueSpecification","valueRequired":true,"valueName":"search_term_string"}}],"inLanguage":"tr"}]}},"_links":{"self":[{"href":"https:\/\/www.hotrain.net\/wp-json\/wp\/v2\/pages\/15","targetHints":{"allow":["GET"]}}],"collection":[{"href":"https:\/\/www.hotrain.net\/wp-json\/wp\/v2\/pages"}],"about":[{"href":"https:\/\/www.hotrain.net\/wp-json\/wp\/v2\/types\/page"}],"author":[{"embeddable":true,"href":"https:\/\/www.hotrain.net\/wp-json\/wp\/v2\/users\/1"}],"replies":[{"embeddable":true,"href":"https:\/\/www.hotrain.net\/wp-json\/wp\/v2\/comments?post=15"}],"version-history":[{"count":5,"href":"https:\/\/www.hotrain.net\/wp-json\/wp\/v2\/pages\/15\/revisions"}],"predecessor-version":[{"id":686,"href":"https:\/\/www.hotrain.net\/wp-json\/wp\/v2\/pages\/15\/revisions\/686"}],"wp:featuredmedia":[{"embeddable":true,"href":"https:\/\/www.hotrain.net\/wp-json\/wp\/v2\/media\/651"}],"wp:attachment":[{"href":"https:\/\/www.hotrain.net\/wp-json\/wp\/v2\/media?parent=15"}],"curies":[{"name":"wp","href":"https:\/\/api.w.org\/{rel}","templated":true}]}}